{"id":5,"date":"2020-08-12T11:16:10","date_gmt":"2020-08-12T10:16:10","guid":{"rendered":"http:\/\/cheestrings.net\/at\/?page_id=5"},"modified":"2020-09-30T15:43:21","modified_gmt":"2020-09-30T14:43:21","slug":"wie-wir-cheestrings-herstellen","status":"publish","type":"page","link":"https:\/\/cheestrings.net\/at\/uber-uns\/wie-wir-cheestrings-herstellen\/","title":{"rendered":"Wie wir Cheestrings herstellen"},"content":{"rendered":"\t\t<div data-elementor-type=\"wp-page\" data-elementor-id=\"5\" class=\"elementor elementor-5\" data-elementor-post-type=\"page\">\n\t\t\t\t\t\t<section class=\"elementor-section elementor-top-section elementor-element elementor-element-22e7294f elementor-section-height-min-height elementor-section-items-bottom elementor-hidden-phone elementor-section-boxed elementor-section-height-default\" data-id=\"22e7294f\" data-element_type=\"section\" data-settings=\"{&quot;background_background&quot;:&quot;classic&quot;}\">\n\t\t\t\t\t\t<div class=\"elementor-container elementor-column-gap-default\">\n\t\t\t\t\t<div class=\"elementor-column elementor-col-50 elementor-top-column elementor-element elementor-element-2e920829\" data-id=\"2e920829\" data-element_type=\"column\">\n\t\t\t<div class=\"elementor-widget-wrap elementor-element-populated\">\n\t\t\t\t\t\t<div class=\"elementor-element elementor-element-5b585c7d elementor-widget-mobile__width-initial elementor-absolute elementor-invisible elementor-widget elementor-widget-image\" data-id=\"5b585c7d\" data-element_type=\"widget\" data-settings=\"{&quot;_position&quot;:&quot;absolute&quot;,&quot;_animation&quot;:&quot;bounceInLeft&quot;}\" data-widget_type=\"image.default\">\n\t\t\t\t<div class=\"elementor-widget-container\">\n\t\t\t\t\t\t\t\t\t\t\t\t\t\t\t<img fetchpriority=\"high\" decoding=\"async\" width=\"650\" height=\"1000\" src=\"https:\/\/cheestrings.net\/at\/wp-content\/uploads\/sites\/4\/2020\/08\/how_its_made_hero_character.png\" class=\"attachment-large size-large wp-image-213\" alt=\"\" srcset=\"https:\/\/cheestrings.net\/at\/wp-content\/uploads\/sites\/4\/2020\/08\/how_its_made_hero_character.png 650w, https:\/\/cheestrings.net\/at\/wp-content\/uploads\/sites\/4\/2020\/08\/how_its_made_hero_character-195x300.png 195w\" sizes=\"(max-width: 650px) 100vw, 650px\" \/>\t\t\t\t\t\t\t\t\t\t\t\t\t\t\t<\/div>\n\t\t\t\t<\/div>\n\t\t\t\t\t<\/div>\n\t\t<\/div>\n\t\t\t\t<div class=\"elementor-column elementor-col-50 elementor-top-column elementor-element elementor-element-453e9420\" data-id=\"453e9420\" data-element_type=\"column\">\n\t\t\t<div class=\"elementor-widget-wrap elementor-element-populated\">\n\t\t\t\t\t\t<div class=\"elementor-element elementor-element-199db5a3 elementor-invisible elementor-widget elementor-widget-heading\" data-id=\"199db5a3\" data-element_type=\"widget\" data-settings=\"{&quot;_animation&quot;:&quot;bounceInRight&quot;}\" data-widget_type=\"heading.default\">\n\t\t\t\t<div class=\"elementor-widget-container\">\n\t\t\t\t\t<h1 class=\"elementor-heading-title elementor-size-default\">Wie wir Cheestrings herstellen<\/h1>\t\t\t\t<\/div>\n\t\t\t\t<\/div>\n\t\t\t\t\t<\/div>\n\t\t<\/div>\n\t\t\t\t\t<\/div>\n\t\t<\/section>\n\t\t\t\t<section class=\"elementor-section elementor-top-section elementor-element elementor-element-2930747d elementor-section-height-min-height elementor-reverse-mobile elementor-section-boxed elementor-section-height-default elementor-section-items-middle\" data-id=\"2930747d\" data-element_type=\"section\">\n\t\t\t\t\t\t<div class=\"elementor-container elementor-column-gap-default\">\n\t\t\t\t\t<div class=\"elementor-column elementor-col-50 elementor-top-column elementor-element elementor-element-718190a7\" data-id=\"718190a7\" data-element_type=\"column\">\n\t\t\t<div class=\"elementor-widget-wrap elementor-element-populated\">\n\t\t\t\t\t\t<div class=\"elementor-element elementor-element-75fd3eec elementor-widget elementor-widget-heading\" data-id=\"75fd3eec\" data-element_type=\"widget\" data-widget_type=\"heading.default\">\n\t\t\t\t<div class=\"elementor-widget-container\">\n\t\t\t\t\t<h2 class=\"elementor-heading-title elementor-size-default\">Mit gro\u00dfer St\u00e4rke folgt gro\u00dfe Verantwortung!<\/h2>\t\t\t\t<\/div>\n\t\t\t\t<\/div>\n\t\t\t\t<div class=\"elementor-element elementor-element-6e482a75 elementor-widget elementor-widget-text-editor\" data-id=\"6e482a75\" data-element_type=\"widget\" data-widget_type=\"text-editor.default\">\n\t\t\t\t<div class=\"elementor-widget-container\">\n\t\t\t\t\t\t\t\t\t<p>Cheestrings stellt sicher, dass alle Cheestrings Produkte auf h\u00f6chstem Niveau hergestellt werden!<\/p><p>Cheestrings werden auf \u00e4hnliche Weise wie traditioneller Mozzarella hergestellt, aber unser Anstand geistiges Eigentum macht dennoch den Unterschied. Alles beginnt mit der frischen Milch von K\u00fchen, die aufgrund der idealen F\u00fctterungs- und Weidebedingungen besonders proteinreich ist und sich positiv auf die F\u00e4denbildung von unseren Cheestrings auswirkt.<\/p>\t\t\t\t\t\t\t\t<\/div>\n\t\t\t\t<\/div>\n\t\t\t\t\t<\/div>\n\t\t<\/div>\n\t\t\t\t<div class=\"elementor-column elementor-col-50 elementor-top-column elementor-element elementor-element-11835b4e\" data-id=\"11835b4e\" data-element_type=\"column\" data-settings=\"{&quot;background_background&quot;:&quot;classic&quot;}\">\n\t\t\t<div class=\"elementor-widget-wrap elementor-element-populated\">\n\t\t\t\t\t\t<div class=\"elementor-element elementor-element-3ea502cc elementor-invisible elementor-widget elementor-widget-image\" data-id=\"3ea502cc\" data-element_type=\"widget\" data-settings=\"{&quot;_animation&quot;:&quot;rotateIn&quot;}\" data-widget_type=\"image.default\">\n\t\t\t\t<div class=\"elementor-widget-container\">\n\t\t\t\t\t\t\t\t\t\t\t\t\t\t\t<img decoding=\"async\" width=\"535\" height=\"379\" src=\"https:\/\/cheestrings.net\/at\/wp-content\/uploads\/sites\/4\/2020\/08\/how-its-made-img1.png\" class=\"attachment-full size-full wp-image-214\" alt=\"\" srcset=\"https:\/\/cheestrings.net\/at\/wp-content\/uploads\/sites\/4\/2020\/08\/how-its-made-img1.png 535w, https:\/\/cheestrings.net\/at\/wp-content\/uploads\/sites\/4\/2020\/08\/how-its-made-img1-300x213.png 300w\" sizes=\"(max-width: 535px) 100vw, 535px\" \/>\t\t\t\t\t\t\t\t\t\t\t\t\t\t\t<\/div>\n\t\t\t\t<\/div>\n\t\t\t\t\t<\/div>\n\t\t<\/div>\n\t\t\t\t\t<\/div>\n\t\t<\/section>\n\t\t\t\t<section class=\"elementor-section elementor-top-section elementor-element elementor-element-2f8494de elementor-section-boxed elementor-section-height-default elementor-section-height-default\" data-id=\"2f8494de\" data-element_type=\"section\">\n\t\t\t\t\t\t<div class=\"elementor-container elementor-column-gap-default\">\n\t\t\t\t\t<div class=\"elementor-column elementor-col-50 elementor-top-column elementor-element elementor-element-1ca15280\" data-id=\"1ca15280\" data-element_type=\"column\" data-settings=\"{&quot;background_background&quot;:&quot;classic&quot;}\">\n\t\t\t<div class=\"elementor-widget-wrap elementor-element-populated\">\n\t\t\t\t\t\t<div class=\"elementor-element elementor-element-4683ebb1 elementor-invisible elementor-widget elementor-widget-image\" data-id=\"4683ebb1\" data-element_type=\"widget\" data-settings=\"{&quot;_animation&quot;:&quot;rotateIn&quot;}\" data-widget_type=\"image.default\">\n\t\t\t\t<div class=\"elementor-widget-container\">\n\t\t\t\t\t\t\t\t\t\t\t\t\t\t\t<img decoding=\"async\" width=\"468\" height=\"378\" src=\"https:\/\/cheestrings.net\/at\/wp-content\/uploads\/sites\/4\/2020\/08\/how-its-made-img_2.png\" class=\"attachment-full size-full wp-image-215\" alt=\"\" srcset=\"https:\/\/cheestrings.net\/at\/wp-content\/uploads\/sites\/4\/2020\/08\/how-its-made-img_2.png 468w, https:\/\/cheestrings.net\/at\/wp-content\/uploads\/sites\/4\/2020\/08\/how-its-made-img_2-300x242.png 300w\" sizes=\"(max-width: 468px) 100vw, 468px\" \/>\t\t\t\t\t\t\t\t\t\t\t\t\t\t\t<\/div>\n\t\t\t\t<\/div>\n\t\t\t\t\t<\/div>\n\t\t<\/div>\n\t\t\t\t<div class=\"elementor-column elementor-col-50 elementor-top-column elementor-element elementor-element-501809e8\" data-id=\"501809e8\" data-element_type=\"column\">\n\t\t\t<div class=\"elementor-widget-wrap elementor-element-populated\">\n\t\t\t\t\t\t<div class=\"elementor-element elementor-element-432baaed elementor-widget elementor-widget-heading\" data-id=\"432baaed\" data-element_type=\"widget\" data-widget_type=\"heading.default\">\n\t\t\t\t<div class=\"elementor-widget-container\">\n\t\t\t\t\t<h2 class=\"elementor-heading-title elementor-size-default\">Alle H\u00e4nde sind bereit! <\/h2>\t\t\t\t<\/div>\n\t\t\t\t<\/div>\n\t\t\t\t<div class=\"elementor-element elementor-element-4460b345 elementor-widget elementor-widget-text-editor\" data-id=\"4460b345\" data-element_type=\"widget\" data-widget_type=\"text-editor.default\">\n\t\t\t\t<div class=\"elementor-widget-container\">\n\t\t\t\t\t\t\t\t\t<p>Cheestrings wird wie Mozzarella sanft erhitzt und gedehnt. Das gibt Cheestrings die F\u00e4higkeit der Fadenbildung, was Kindern viel Spa\u00df bereitet.<\/p><p>Nach dem Zurechtschneiden und Verpacken machen sich unsere Cheestrings auf den Weg zu unseren \u00a0Handelspartnern (unsere Superhelden Helfer!) in den L\u00e4ndern und dann in die Jausenbox.<\/p>\t\t\t\t\t\t\t\t<\/div>\n\t\t\t\t<\/div>\n\t\t\t\t\t<\/div>\n\t\t<\/div>\n\t\t\t\t\t<\/div>\n\t\t<\/section>\n\t\t\t\t<\/div>\n\t\t","protected":false},"excerpt":{"rendered":"<p>Wie wir Cheestrings herstellen Mit gro\u00dfer St\u00e4rke folgt gro\u00dfe Verantwortung! Cheestrings stellt sicher, dass alle Cheestrings Produkte auf h\u00f6chstem Niveau hergestellt werden! Cheestrings werden auf \u00e4hnliche Weise wie traditioneller Mozzarella hergestellt, aber unser Anstand geistiges Eigentum macht dennoch den Unterschied. Alles beginnt mit der frischen Milch von K\u00fchen, die aufgrund der idealen F\u00fctterungs- und Weidebedingungen [&hellip;]<\/p>\n","protected":false},"author":2,"featured_media":0,"parent":4,"menu_order":0,"comment_status":"closed","ping_status":"closed","template":"","meta":{"footnotes":""},"class_list":["post-5","page","type-page","status-publish","hentry"],"_links":{"self":[{"href":"https:\/\/cheestrings.net\/at\/wp-json\/wp\/v2\/pages\/5","targetHints":{"allow":["GET"]}}],"collection":[{"href":"https:\/\/cheestrings.net\/at\/wp-json\/wp\/v2\/pages"}],"about":[{"href":"https:\/\/cheestrings.net\/at\/wp-json\/wp\/v2\/types\/page"}],"author":[{"embeddable":true,"href":"https:\/\/cheestrings.net\/at\/wp-json\/wp\/v2\/users\/2"}],"replies":[{"embeddable":true,"href":"https:\/\/cheestrings.net\/at\/wp-json\/wp\/v2\/comments?post=5"}],"version-history":[{"count":0,"href":"https:\/\/cheestrings.net\/at\/wp-json\/wp\/v2\/pages\/5\/revisions"}],"up":[{"embeddable":true,"href":"https:\/\/cheestrings.net\/at\/wp-json\/wp\/v2\/pages\/4"}],"wp:attachment":[{"href":"https:\/\/cheestrings.net\/at\/wp-json\/wp\/v2\/media?parent=5"}],"curies":[{"name":"wp","href":"https:\/\/api.w.org\/{rel}","templated":true}]}}