{"id":259,"date":"2020-08-17T18:09:16","date_gmt":"2020-08-17T17:09:16","guid":{"rendered":"https:\/\/cheestrings.net\/be\/le-pain-monstrueux\/"},"modified":"2020-09-30T16:08:15","modified_gmt":"2020-09-30T15:08:15","slug":"le-pain-monstrueux","status":"publish","type":"page","link":"https:\/\/cheestrings.net\/be\/fr\/idees\/le-pain-monstrueux\/","title":{"rendered":"Le Pain Monstrueux"},"content":{"rendered":"\t\t<div data-elementor-type=\"wp-page\" data-elementor-id=\"259\" class=\"elementor elementor-259\" data-elementor-post-type=\"page\">\n\t\t\t\t\t\t<section class=\"elementor-section elementor-top-section elementor-element elementor-element-607cdfd0 elementor-section-height-min-height elementor-section-items-bottom elementor-hidden-phone elementor-section-boxed elementor-section-height-default\" data-id=\"607cdfd0\" data-element_type=\"section\" data-settings=\"{&quot;background_background&quot;:&quot;classic&quot;}\">\n\t\t\t\t\t\t<div class=\"elementor-container elementor-column-gap-default\">\n\t\t\t\t\t<div class=\"elementor-column elementor-col-50 elementor-top-column elementor-element elementor-element-eccb487\" data-id=\"eccb487\" data-element_type=\"column\">\n\t\t\t<div class=\"elementor-widget-wrap elementor-element-populated\">\n\t\t\t\t\t\t<div class=\"elementor-element elementor-element-62ea7343 elementor-widget-mobile__width-initial elementor-absolute elementor-invisible elementor-widget elementor-widget-image\" data-id=\"62ea7343\" data-element_type=\"widget\" data-settings=\"{&quot;_position&quot;:&quot;absolute&quot;,&quot;_animation&quot;:&quot;bounceInLeft&quot;}\" data-widget_type=\"image.default\">\n\t\t\t\t<div class=\"elementor-widget-container\">\n\t\t\t\t\t\t\t\t\t\t\t\t\t\t\t<img fetchpriority=\"high\" decoding=\"async\" width=\"650\" height=\"1000\" src=\"https:\/\/cheestrings.net\/be\/wp-content\/uploads\/sites\/6\/2020\/08\/ideas_hero_character.png\" class=\"attachment-large size-large wp-image-159\" alt=\"\" srcset=\"https:\/\/cheestrings.net\/be\/wp-content\/uploads\/sites\/6\/2020\/08\/ideas_hero_character.png 650w, https:\/\/cheestrings.net\/be\/wp-content\/uploads\/sites\/6\/2020\/08\/ideas_hero_character-195x300.png 195w\" sizes=\"(max-width: 650px) 100vw, 650px\" \/>\t\t\t\t\t\t\t\t\t\t\t\t\t\t\t<\/div>\n\t\t\t\t<\/div>\n\t\t\t\t\t<\/div>\n\t\t<\/div>\n\t\t\t\t<div class=\"elementor-column elementor-col-50 elementor-top-column elementor-element elementor-element-63fc07fd\" data-id=\"63fc07fd\" data-element_type=\"column\">\n\t\t\t<div class=\"elementor-widget-wrap elementor-element-populated\">\n\t\t\t\t\t\t<div class=\"elementor-element elementor-element-2b09b4c8 elementor-invisible elementor-widget elementor-widget-heading\" data-id=\"2b09b4c8\" data-element_type=\"widget\" data-settings=\"{&quot;_animation&quot;:&quot;bounceInRight&quot;}\" data-widget_type=\"heading.default\">\n\t\t\t\t<div class=\"elementor-widget-container\">\n\t\t\t\t\t<h1 class=\"elementor-heading-title elementor-size-default\">Quelques Id\u00e9es<\/h1>\t\t\t\t<\/div>\n\t\t\t\t<\/div>\n\t\t\t\t\t<\/div>\n\t\t<\/div>\n\t\t\t\t\t<\/div>\n\t\t<\/section>\n\t\t\t\t<section class=\"elementor-section elementor-top-section elementor-element elementor-element-1a52b846 elementor-section-boxed elementor-section-height-default elementor-section-height-default\" data-id=\"1a52b846\" data-element_type=\"section\">\n\t\t\t\t\t\t<div class=\"elementor-container elementor-column-gap-default\">\n\t\t\t\t\t<div class=\"elementor-column elementor-col-100 elementor-top-column elementor-element elementor-element-6a2e7bb4\" data-id=\"6a2e7bb4\" data-element_type=\"column\" data-settings=\"{&quot;background_background&quot;:&quot;classic&quot;}\">\n\t\t\t<div class=\"elementor-widget-wrap elementor-element-populated\">\n\t\t\t\t\t\t<div class=\"elementor-element elementor-element-36a54dfa elementor-widget elementor-widget-heading\" data-id=\"36a54dfa\" data-element_type=\"widget\" data-widget_type=\"heading.default\">\n\t\t\t\t<div class=\"elementor-widget-container\">\n\t\t\t\t\t<h2 class=\"elementor-heading-title elementor-size-default\">Le Pain Monstrueux<\/h2>\t\t\t\t<\/div>\n\t\t\t\t<\/div>\n\t\t\t\t\t<\/div>\n\t\t<\/div>\n\t\t\t\t\t<\/div>\n\t\t<\/section>\n\t\t\t\t<section class=\"elementor-section elementor-top-section elementor-element elementor-element-34966c15 elementor-section-content-middle elementor-reverse-mobile elementor-section-boxed elementor-section-height-default elementor-section-height-default\" data-id=\"34966c15\" data-element_type=\"section\">\n\t\t\t\t\t\t<div class=\"elementor-container elementor-column-gap-default\">\n\t\t\t\t\t<div class=\"elementor-column elementor-col-50 elementor-top-column elementor-element elementor-element-bfaf407\" data-id=\"bfaf407\" data-element_type=\"column\" data-settings=\"{&quot;background_background&quot;:&quot;classic&quot;}\">\n\t\t\t<div class=\"elementor-widget-wrap elementor-element-populated\">\n\t\t\t\t\t\t<div class=\"elementor-element elementor-element-636d2b64 elementor-widget elementor-widget-heading\" data-id=\"636d2b64\" data-element_type=\"widget\" data-widget_type=\"heading.default\">\n\t\t\t\t<div class=\"elementor-widget-container\">\n\t\t\t\t\t<h2 class=\"elementor-heading-title elementor-size-default\">1<\/h2>\t\t\t\t<\/div>\n\t\t\t\t<\/div>\n\t\t\t\t<div class=\"elementor-element elementor-element-41aa53a8 elementor-widget elementor-widget-text-editor\" data-id=\"41aa53a8\" data-element_type=\"widget\" data-widget_type=\"text-editor.default\">\n\t\t\t\t<div class=\"elementor-widget-container\">\n\t\t\t\t\t\t\t\t\t<p>Il est temps maintenant de faire un peu de sauvagerie dans l\u2019assiette : le pain monstrueux est amusant et facile \u00e0 pr\u00e9parer. D\u00e9coupez les bras et les jambes dans une carotte et placez-les sur les c\u00f4t\u00e9s et en bas du sandwich.<\/p>\t\t\t\t\t\t\t\t<\/div>\n\t\t\t\t<\/div>\n\t\t\t\t\t<\/div>\n\t\t<\/div>\n\t\t\t\t<div class=\"elementor-column elementor-col-50 elementor-top-column elementor-element elementor-element-53b75fa8\" data-id=\"53b75fa8\" data-element_type=\"column\" data-settings=\"{&quot;background_background&quot;:&quot;classic&quot;}\">\n\t\t\t<div class=\"elementor-widget-wrap elementor-element-populated\">\n\t\t\t\t\t\t<div class=\"elementor-element elementor-element-36126159 elementor-widget elementor-widget-spacer\" data-id=\"36126159\" data-element_type=\"widget\" data-widget_type=\"spacer.default\">\n\t\t\t\t<div class=\"elementor-widget-container\">\n\t\t\t\t\t\t\t<div class=\"elementor-spacer\">\n\t\t\t<div class=\"elementor-spacer-inner\"><\/div>\n\t\t<\/div>\n\t\t\t\t\t\t<\/div>\n\t\t\t\t<\/div>\n\t\t\t\t\t<\/div>\n\t\t<\/div>\n\t\t\t\t\t<\/div>\n\t\t<\/section>\n\t\t\t\t<section class=\"elementor-section elementor-top-section elementor-element elementor-element-4faf8b7e elementor-section-content-middle elementor-reverse-mobile elementor-section-boxed elementor-section-height-default elementor-section-height-default\" data-id=\"4faf8b7e\" data-element_type=\"section\">\n\t\t\t\t\t\t<div class=\"elementor-container elementor-column-gap-default\">\n\t\t\t\t\t<div class=\"elementor-column elementor-col-50 elementor-top-column elementor-element elementor-element-59b45f41\" data-id=\"59b45f41\" data-element_type=\"column\" data-settings=\"{&quot;background_background&quot;:&quot;classic&quot;}\">\n\t\t\t<div class=\"elementor-widget-wrap elementor-element-populated\">\n\t\t\t\t\t\t<div class=\"elementor-element elementor-element-1ab560e6 elementor-widget elementor-widget-heading\" data-id=\"1ab560e6\" data-element_type=\"widget\" data-widget_type=\"heading.default\">\n\t\t\t\t<div class=\"elementor-widget-container\">\n\t\t\t\t\t<h2 class=\"elementor-heading-title elementor-size-default\">2<\/h2>\t\t\t\t<\/div>\n\t\t\t\t<\/div>\n\t\t\t\t<div class=\"elementor-element elementor-element-586d2991 elementor-widget elementor-widget-text-editor\" data-id=\"586d2991\" data-element_type=\"widget\" data-widget_type=\"text-editor.default\">\n\t\t\t\t<div class=\"elementor-widget-container\">\n\t\t\t\t\t\t\t\t\tRetirez ensuite un d\u00e9licieux Cheestrings de son emballage et posez-le comme des cheveux au-dessus du sandwich. Pour la bouche de ce petit monstre fou, d\u00e9coupez des triangles dans une bande de fromage, pour lui donner l\u2019apparence de crocs. Utilisez un morceau de saucisse coup\u00e9e en diagonale comme langue. Tout simplement d\u00e9licieux!\t\t\t\t\t\t\t\t<\/div>\n\t\t\t\t<\/div>\n\t\t\t\t\t<\/div>\n\t\t<\/div>\n\t\t\t\t<div class=\"elementor-column elementor-col-50 elementor-top-column elementor-element elementor-element-7dea78b0\" data-id=\"7dea78b0\" data-element_type=\"column\" data-settings=\"{&quot;background_background&quot;:&quot;classic&quot;}\">\n\t\t\t<div class=\"elementor-widget-wrap elementor-element-populated\">\n\t\t\t\t\t\t<div class=\"elementor-element elementor-element-afc32a0 elementor-widget elementor-widget-spacer\" data-id=\"afc32a0\" data-element_type=\"widget\" data-widget_type=\"spacer.default\">\n\t\t\t\t<div class=\"elementor-widget-container\">\n\t\t\t\t\t\t\t<div class=\"elementor-spacer\">\n\t\t\t<div class=\"elementor-spacer-inner\"><\/div>\n\t\t<\/div>\n\t\t\t\t\t\t<\/div>\n\t\t\t\t<\/div>\n\t\t\t\t\t<\/div>\n\t\t<\/div>\n\t\t\t\t\t<\/div>\n\t\t<\/section>\n\t\t\t\t<section class=\"elementor-section elementor-top-section elementor-element elementor-element-1f6dd4a1 elementor-section-content-middle elementor-reverse-mobile elementor-section-boxed elementor-section-height-default elementor-section-height-default\" data-id=\"1f6dd4a1\" data-element_type=\"section\">\n\t\t\t\t\t\t<div class=\"elementor-container elementor-column-gap-default\">\n\t\t\t\t\t<div class=\"elementor-column elementor-col-50 elementor-top-column elementor-element elementor-element-cfc19f5\" data-id=\"cfc19f5\" data-element_type=\"column\" data-settings=\"{&quot;background_background&quot;:&quot;classic&quot;}\">\n\t\t\t<div class=\"elementor-widget-wrap elementor-element-populated\">\n\t\t\t\t\t\t<div class=\"elementor-element elementor-element-5a03b01c elementor-widget elementor-widget-heading\" data-id=\"5a03b01c\" data-element_type=\"widget\" data-widget_type=\"heading.default\">\n\t\t\t\t<div class=\"elementor-widget-container\">\n\t\t\t\t\t<h2 class=\"elementor-heading-title elementor-size-default\">3<\/h2>\t\t\t\t<\/div>\n\t\t\t\t<\/div>\n\t\t\t\t<div class=\"elementor-element elementor-element-537f08be elementor-widget elementor-widget-text-editor\" data-id=\"537f08be\" data-element_type=\"widget\" data-widget_type=\"text-editor.default\">\n\t\t\t\t<div class=\"elementor-widget-container\">\n\t\t\t\t\t\t\t\t\tPour finir, cr\u00e9ez les yeux du monstre en utilisant du fromage \u00e0 la cr\u00e8me et une goutte de vinaigre balsamique. Si le monstre se plisse l\u00e9g\u00e8rement, il semble encore plus fou. Ceci mettra fin \u00e0 tous les gargouillements de ventre :  MIAM!\t\t\t\t\t\t\t\t<\/div>\n\t\t\t\t<\/div>\n\t\t\t\t\t<\/div>\n\t\t<\/div>\n\t\t\t\t<div class=\"elementor-column elementor-col-50 elementor-top-column elementor-element elementor-element-4cb8a747\" data-id=\"4cb8a747\" data-element_type=\"column\" data-settings=\"{&quot;background_background&quot;:&quot;classic&quot;}\">\n\t\t\t<div class=\"elementor-widget-wrap elementor-element-populated\">\n\t\t\t\t\t\t<div class=\"elementor-element elementor-element-66c0105f elementor-widget elementor-widget-spacer\" data-id=\"66c0105f\" data-element_type=\"widget\" data-widget_type=\"spacer.default\">\n\t\t\t\t<div class=\"elementor-widget-container\">\n\t\t\t\t\t\t\t<div class=\"elementor-spacer\">\n\t\t\t<div class=\"elementor-spacer-inner\"><\/div>\n\t\t<\/div>\n\t\t\t\t\t\t<\/div>\n\t\t\t\t<\/div>\n\t\t\t\t\t<\/div>\n\t\t<\/div>\n\t\t\t\t\t<\/div>\n\t\t<\/section>\n\t\t\t\t<section class=\"elementor-section elementor-top-section elementor-element elementor-element-1d272858 elementor-section-boxed elementor-section-height-default elementor-section-height-default\" data-id=\"1d272858\" data-element_type=\"section\">\n\t\t\t\t\t\t<div class=\"elementor-container elementor-column-gap-default\">\n\t\t\t\t\t<div class=\"elementor-column elementor-col-100 elementor-top-column elementor-element elementor-element-13c3893d\" data-id=\"13c3893d\" data-element_type=\"column\" data-settings=\"{&quot;background_background&quot;:&quot;classic&quot;}\">\n\t\t\t<div class=\"elementor-widget-wrap elementor-element-populated\">\n\t\t\t\t\t\t<div class=\"elementor-element elementor-element-d46fe8a elementor-widget elementor-widget-heading\" data-id=\"d46fe8a\" data-element_type=\"widget\" data-widget_type=\"heading.default\">\n\t\t\t\t<div class=\"elementor-widget-container\">\n\t\t\t\t\t<h2 class=\"elementor-heading-title elementor-size-default\">Bien jou\u00e9! D\u00e9couvrez plein d\u2019autres id\u00e9es d\u00e9licieuses!<\/h2>\t\t\t\t<\/div>\n\t\t\t\t<\/div>\n\t\t\t\t\t<\/div>\n\t\t<\/div>\n\t\t\t\t\t<\/div>\n\t\t<\/section>\n\t\t\t\t<section class=\"elementor-section elementor-top-section elementor-element elementor-element-7eea7c0 elementor-section-boxed elementor-section-height-default elementor-section-height-default\" data-id=\"7eea7c0\" data-element_type=\"section\">\n\t\t\t\t\t\t<div class=\"elementor-container elementor-column-gap-default\">\n\t\t\t\t\t<div class=\"elementor-column elementor-col-25 elementor-top-column elementor-element elementor-element-ae0f8b0\" data-id=\"ae0f8b0\" data-element_type=\"column\" data-settings=\"{&quot;background_background&quot;:&quot;classic&quot;}\">\n\t\t\t<div class=\"elementor-widget-wrap elementor-element-populated\">\n\t\t\t\t\t\t<div class=\"elementor-element elementor-element-5daee51 elementor-widget elementor-widget-image\" data-id=\"5daee51\" data-element_type=\"widget\" data-widget_type=\"image.default\">\n\t\t\t\t<div class=\"elementor-widget-container\">\n\t\t\t\t\t\t\t\t\t\t\t\t\t\t\t<img decoding=\"async\" width=\"400\" height=\"400\" src=\"https:\/\/cheestrings.net\/be\/wp-content\/uploads\/sites\/6\/2020\/08\/football_shoe_sub_nav.jpg\" class=\"attachment-large size-large wp-image-253\" alt=\"\" srcset=\"https:\/\/cheestrings.net\/be\/wp-content\/uploads\/sites\/6\/2020\/08\/football_shoe_sub_nav.jpg 400w, https:\/\/cheestrings.net\/be\/wp-content\/uploads\/sites\/6\/2020\/08\/football_shoe_sub_nav-300x300.jpg 300w, https:\/\/cheestrings.net\/be\/wp-content\/uploads\/sites\/6\/2020\/08\/football_shoe_sub_nav-150x150.jpg 150w\" sizes=\"(max-width: 400px) 100vw, 400px\" \/>\t\t\t\t\t\t\t\t\t\t\t\t\t\t\t<\/div>\n\t\t\t\t<\/div>\n\t\t\t\t<div class=\"elementor-element elementor-element-21c82fa elementor-widget elementor-widget-heading\" data-id=\"21c82fa\" data-element_type=\"widget\" data-widget_type=\"heading.default\">\n\t\t\t\t<div class=\"elementor-widget-container\">\n\t\t\t\t\t<h2 class=\"elementor-heading-title elementor-size-default\">La Chaussure de foot<\/h2>\t\t\t\t<\/div>\n\t\t\t\t<\/div>\n\t\t\t\t<div class=\"elementor-element elementor-element-7109d21 promo elementor-mobile-align-justify elementor-align-justify elementor-widget elementor-widget-button\" data-id=\"7109d21\" data-element_type=\"widget\" data-widget_type=\"button.default\">\n\t\t\t\t<div class=\"elementor-widget-container\">\n\t\t\t\t\t\t\t\t\t<div class=\"elementor-button-wrapper\">\n\t\t\t\t\t<a class=\"elementor-button elementor-button-link elementor-size-sm elementor-animation-bob\" href=\"http:\/\/cheestrings.net\/be\/fr\/idees\/la-chaussure-de-foot\/\">\n\t\t\t\t\t\t<span class=\"elementor-button-content-wrapper\">\n\t\t\t\t\t\t\t\t\t<span class=\"elementor-button-text\">En Savoir Plus<\/span>\n\t\t\t\t\t<\/span>\n\t\t\t\t\t<\/a>\n\t\t\t\t<\/div>\n\t\t\t\t\t\t\t\t<\/div>\n\t\t\t\t<\/div>\n\t\t\t\t\t<\/div>\n\t\t<\/div>\n\t\t\t\t<div class=\"elementor-column elementor-col-25 elementor-top-column elementor-element elementor-element-b1d441c\" data-id=\"b1d441c\" data-element_type=\"column\" data-settings=\"{&quot;background_background&quot;:&quot;classic&quot;}\">\n\t\t\t<div class=\"elementor-widget-wrap elementor-element-populated\">\n\t\t\t\t\t\t<div class=\"elementor-element elementor-element-117a2fa elementor-widget elementor-widget-image\" data-id=\"117a2fa\" data-element_type=\"widget\" data-widget_type=\"image.default\">\n\t\t\t\t<div class=\"elementor-widget-container\">\n\t\t\t\t\t\t\t\t\t\t\t\t\t\t\t<img decoding=\"async\" width=\"400\" height=\"400\" src=\"https:\/\/cheestrings.net\/be\/wp-content\/uploads\/sites\/6\/2020\/08\/funny_face_sub_nav.jpg\" class=\"attachment-large size-large wp-image-252\" alt=\"\" srcset=\"https:\/\/cheestrings.net\/be\/wp-content\/uploads\/sites\/6\/2020\/08\/funny_face_sub_nav.jpg 400w, https:\/\/cheestrings.net\/be\/wp-content\/uploads\/sites\/6\/2020\/08\/funny_face_sub_nav-300x300.jpg 300w, https:\/\/cheestrings.net\/be\/wp-content\/uploads\/sites\/6\/2020\/08\/funny_face_sub_nav-150x150.jpg 150w\" sizes=\"(max-width: 400px) 100vw, 400px\" \/>\t\t\t\t\t\t\t\t\t\t\t\t\t\t\t<\/div>\n\t\t\t\t<\/div>\n\t\t\t\t<div class=\"elementor-element elementor-element-1bf4ff7 elementor-widget elementor-widget-heading\" data-id=\"1bf4ff7\" data-element_type=\"widget\" data-widget_type=\"heading.default\">\n\t\t\t\t<div class=\"elementor-widget-container\">\n\t\t\t\t\t<h2 class=\"elementor-heading-title elementor-size-default\">Le Sandwich Souriant<\/h2>\t\t\t\t<\/div>\n\t\t\t\t<\/div>\n\t\t\t\t<div class=\"elementor-element elementor-element-04b9f21 promo elementor-mobile-align-justify elementor-align-justify elementor-widget elementor-widget-button\" data-id=\"04b9f21\" data-element_type=\"widget\" data-widget_type=\"button.default\">\n\t\t\t\t<div class=\"elementor-widget-container\">\n\t\t\t\t\t\t\t\t\t<div class=\"elementor-button-wrapper\">\n\t\t\t\t\t<a class=\"elementor-button elementor-button-link elementor-size-sm elementor-animation-bob\" href=\"http:\/\/cheestrings.net\/be\/fr\/idees\/le-sandwich-souriant\/\">\n\t\t\t\t\t\t<span class=\"elementor-button-content-wrapper\">\n\t\t\t\t\t\t\t\t\t<span class=\"elementor-button-text\">En Savoir Plus<\/span>\n\t\t\t\t\t<\/span>\n\t\t\t\t\t<\/a>\n\t\t\t\t<\/div>\n\t\t\t\t\t\t\t\t<\/div>\n\t\t\t\t<\/div>\n\t\t\t\t\t<\/div>\n\t\t<\/div>\n\t\t\t\t<div class=\"elementor-column elementor-col-25 elementor-top-column elementor-element elementor-element-90e2e91\" data-id=\"90e2e91\" data-element_type=\"column\" data-settings=\"{&quot;background_background&quot;:&quot;classic&quot;}\">\n\t\t\t<div class=\"elementor-widget-wrap elementor-element-populated\">\n\t\t\t\t\t\t<div class=\"elementor-element elementor-element-f9dec2d elementor-widget elementor-widget-image\" data-id=\"f9dec2d\" data-element_type=\"widget\" data-widget_type=\"image.default\">\n\t\t\t\t<div class=\"elementor-widget-container\">\n\t\t\t\t\t\t\t\t\t\t\t\t\t\t\t<img loading=\"lazy\" decoding=\"async\" width=\"400\" height=\"400\" src=\"https:\/\/cheestrings.net\/be\/wp-content\/uploads\/sites\/6\/2020\/08\/bread_monster_sub_nav.jpg\" class=\"attachment-large size-large wp-image-251\" alt=\"\" srcset=\"https:\/\/cheestrings.net\/be\/wp-content\/uploads\/sites\/6\/2020\/08\/bread_monster_sub_nav.jpg 400w, https:\/\/cheestrings.net\/be\/wp-content\/uploads\/sites\/6\/2020\/08\/bread_monster_sub_nav-300x300.jpg 300w, https:\/\/cheestrings.net\/be\/wp-content\/uploads\/sites\/6\/2020\/08\/bread_monster_sub_nav-150x150.jpg 150w\" sizes=\"(max-width: 400px) 100vw, 400px\" \/>\t\t\t\t\t\t\t\t\t\t\t\t\t\t\t<\/div>\n\t\t\t\t<\/div>\n\t\t\t\t<div class=\"elementor-element elementor-element-72c4663 elementor-widget elementor-widget-heading\" data-id=\"72c4663\" data-element_type=\"widget\" data-widget_type=\"heading.default\">\n\t\t\t\t<div class=\"elementor-widget-container\">\n\t\t\t\t\t<h2 class=\"elementor-heading-title elementor-size-default\">Le Pain Monstrueux<\/h2>\t\t\t\t<\/div>\n\t\t\t\t<\/div>\n\t\t\t\t<div class=\"elementor-element elementor-element-b08dd87 promo elementor-mobile-align-justify elementor-align-justify elementor-widget elementor-widget-button\" data-id=\"b08dd87\" data-element_type=\"widget\" data-widget_type=\"button.default\">\n\t\t\t\t<div class=\"elementor-widget-container\">\n\t\t\t\t\t\t\t\t\t<div class=\"elementor-button-wrapper\">\n\t\t\t\t\t<a class=\"elementor-button elementor-button-link elementor-size-sm elementor-animation-bob\" href=\"http:\/\/cheestrings.net\/be\/fr\/idees\/le-pain-monstrueux\/\">\n\t\t\t\t\t\t<span class=\"elementor-button-content-wrapper\">\n\t\t\t\t\t\t\t\t\t<span class=\"elementor-button-text\">En Savoir Plus<\/span>\n\t\t\t\t\t<\/span>\n\t\t\t\t\t<\/a>\n\t\t\t\t<\/div>\n\t\t\t\t\t\t\t\t<\/div>\n\t\t\t\t<\/div>\n\t\t\t\t\t<\/div>\n\t\t<\/div>\n\t\t\t\t<div class=\"elementor-column elementor-col-25 elementor-top-column elementor-element elementor-element-cf9c761\" data-id=\"cf9c761\" data-element_type=\"column\" data-settings=\"{&quot;background_background&quot;:&quot;classic&quot;}\">\n\t\t\t<div class=\"elementor-widget-wrap elementor-element-populated\">\n\t\t\t\t\t\t<div class=\"elementor-element elementor-element-2cf23aa elementor-widget elementor-widget-image\" data-id=\"2cf23aa\" data-element_type=\"widget\" data-widget_type=\"image.default\">\n\t\t\t\t<div class=\"elementor-widget-container\">\n\t\t\t\t\t\t\t\t\t\t\t\t\t\t\t<img loading=\"lazy\" decoding=\"async\" width=\"400\" height=\"400\" src=\"https:\/\/cheestrings.net\/be\/wp-content\/uploads\/sites\/6\/2020\/08\/butterfly_sub_nav.jpg\" class=\"attachment-large size-large wp-image-250\" alt=\"\" srcset=\"https:\/\/cheestrings.net\/be\/wp-content\/uploads\/sites\/6\/2020\/08\/butterfly_sub_nav.jpg 400w, https:\/\/cheestrings.net\/be\/wp-content\/uploads\/sites\/6\/2020\/08\/butterfly_sub_nav-300x300.jpg 300w, https:\/\/cheestrings.net\/be\/wp-content\/uploads\/sites\/6\/2020\/08\/butterfly_sub_nav-150x150.jpg 150w\" sizes=\"(max-width: 400px) 100vw, 400px\" \/>\t\t\t\t\t\t\t\t\t\t\t\t\t\t\t<\/div>\n\t\t\t\t<\/div>\n\t\t\t\t<div class=\"elementor-element elementor-element-d11e786 elementor-widget elementor-widget-heading\" data-id=\"d11e786\" data-element_type=\"widget\" data-widget_type=\"heading.default\">\n\t\t\t\t<div class=\"elementor-widget-container\">\n\t\t\t\t\t<h2 class=\"elementor-heading-title elementor-size-default\">Le Papillon<\/h2>\t\t\t\t<\/div>\n\t\t\t\t<\/div>\n\t\t\t\t<div class=\"elementor-element elementor-element-5eb4dd4 promo elementor-mobile-align-justify elementor-align-justify elementor-widget elementor-widget-button\" data-id=\"5eb4dd4\" data-element_type=\"widget\" data-widget_type=\"button.default\">\n\t\t\t\t<div class=\"elementor-widget-container\">\n\t\t\t\t\t\t\t\t\t<div class=\"elementor-button-wrapper\">\n\t\t\t\t\t<a class=\"elementor-button elementor-button-link elementor-size-sm elementor-animation-bob\" href=\"http:\/\/cheestrings.net\/be\/fr\/idees\/le-papillon\/\">\n\t\t\t\t\t\t<span class=\"elementor-button-content-wrapper\">\n\t\t\t\t\t\t\t\t\t<span class=\"elementor-button-text\">En Savoir Plus<\/span>\n\t\t\t\t\t<\/span>\n\t\t\t\t\t<\/a>\n\t\t\t\t<\/div>\n\t\t\t\t\t\t\t\t<\/div>\n\t\t\t\t<\/div>\n\t\t\t\t\t<\/div>\n\t\t<\/div>\n\t\t\t\t\t<\/div>\n\t\t<\/section>\n\t\t\t\t<\/div>\n\t\t","protected":false},"excerpt":{"rendered":"<p>Quelques Id\u00e9es Le Pain Monstrueux 1 Il est temps maintenant de faire un peu de sauvagerie dans l\u2019assiette : le pain monstrueux est amusant et facile \u00e0 pr\u00e9parer. D\u00e9coupez les bras et les jambes dans une carotte et placez-les sur les c\u00f4t\u00e9s et en bas du sandwich. 2 Retirez ensuite un d\u00e9licieux Cheestrings de son [&hellip;]<\/p>\n","protected":false},"author":2,"featured_media":0,"parent":261,"menu_order":0,"comment_status":"closed","ping_status":"closed","template":"","meta":{"footnotes":""},"class_list":["post-259","page","type-page","status-publish","hentry"],"_links":{"self":[{"href":"https:\/\/cheestrings.net\/be\/fr\/wp-json\/wp\/v2\/pages\/259","targetHints":{"allow":["GET"]}}],"collection":[{"href":"https:\/\/cheestrings.net\/be\/fr\/wp-json\/wp\/v2\/pages"}],"about":[{"href":"https:\/\/cheestrings.net\/be\/fr\/wp-json\/wp\/v2\/types\/page"}],"author":[{"embeddable":true,"href":"https:\/\/cheestrings.net\/be\/fr\/wp-json\/wp\/v2\/users\/2"}],"replies":[{"embeddable":true,"href":"https:\/\/cheestrings.net\/be\/fr\/wp-json\/wp\/v2\/comments?post=259"}],"version-history":[{"count":0,"href":"https:\/\/cheestrings.net\/be\/fr\/wp-json\/wp\/v2\/pages\/259\/revisions"}],"up":[{"embeddable":true,"href":"https:\/\/cheestrings.net\/be\/fr\/wp-json\/wp\/v2\/pages\/261"}],"wp:attachment":[{"href":"https:\/\/cheestrings.net\/be\/fr\/wp-json\/wp\/v2\/media?parent=259"}],"curies":[{"name":"wp","href":"https:\/\/api.w.org\/{rel}","templated":true}]}}