{"id":265,"date":"2020-08-17T18:11:00","date_gmt":"2020-08-17T17:11:00","guid":{"rendered":"https:\/\/cheestrings.net\/be\/nos-origines\/"},"modified":"2025-06-23T12:10:16","modified_gmt":"2025-06-23T11:10:16","slug":"nos-origines","status":"publish","type":"page","link":"https:\/\/cheestrings.net\/be\/fr\/qui-sommes-nous\/nos-origines\/","title":{"rendered":"Nos origines"},"content":{"rendered":"\t\t<div data-elementor-type=\"wp-page\" data-elementor-id=\"265\" class=\"elementor elementor-265\" data-elementor-post-type=\"page\">\n\t\t\t\t\t\t<section class=\"elementor-section elementor-top-section elementor-element elementor-element-75af810 elementor-section-height-min-height elementor-section-items-bottom elementor-hidden-phone elementor-section-boxed elementor-section-height-default\" data-id=\"75af810\" data-element_type=\"section\" data-settings=\"{&quot;background_background&quot;:&quot;classic&quot;}\">\n\t\t\t\t\t\t<div class=\"elementor-container elementor-column-gap-default\">\n\t\t\t\t\t<div class=\"elementor-column elementor-col-50 elementor-top-column elementor-element elementor-element-754cb765\" data-id=\"754cb765\" data-element_type=\"column\">\n\t\t\t<div class=\"elementor-widget-wrap elementor-element-populated\">\n\t\t\t\t\t\t<div class=\"elementor-element elementor-element-739b2878 elementor-widget-mobile__width-initial elementor-absolute elementor-invisible elementor-widget elementor-widget-image\" data-id=\"739b2878\" data-element_type=\"widget\" data-settings=\"{&quot;_position&quot;:&quot;absolute&quot;,&quot;_animation&quot;:&quot;bounceInLeft&quot;}\" data-widget_type=\"image.default\">\n\t\t\t\t<div class=\"elementor-widget-container\">\n\t\t\t\t\t\t\t\t\t\t\t\t\t\t\t<img fetchpriority=\"high\" decoding=\"async\" width=\"650\" height=\"1000\" src=\"https:\/\/cheestrings.net\/be\/wp-content\/uploads\/sites\/6\/2020\/08\/origins_hero_character.png\" class=\"attachment-large size-large wp-image-217\" alt=\"\" srcset=\"https:\/\/cheestrings.net\/be\/wp-content\/uploads\/sites\/6\/2020\/08\/origins_hero_character.png 650w, https:\/\/cheestrings.net\/be\/wp-content\/uploads\/sites\/6\/2020\/08\/origins_hero_character-195x300.png 195w\" sizes=\"(max-width: 650px) 100vw, 650px\" \/>\t\t\t\t\t\t\t\t\t\t\t\t\t\t\t<\/div>\n\t\t\t\t<\/div>\n\t\t\t\t\t<\/div>\n\t\t<\/div>\n\t\t\t\t<div class=\"elementor-column elementor-col-50 elementor-top-column elementor-element elementor-element-3022adbf\" data-id=\"3022adbf\" data-element_type=\"column\">\n\t\t\t<div class=\"elementor-widget-wrap elementor-element-populated\">\n\t\t\t\t\t\t<div class=\"elementor-element elementor-element-7748c19f elementor-invisible elementor-widget elementor-widget-heading\" data-id=\"7748c19f\" data-element_type=\"widget\" data-settings=\"{&quot;_animation&quot;:&quot;bounceInRight&quot;}\" data-widget_type=\"heading.default\">\n\t\t\t\t<div class=\"elementor-widget-container\">\n\t\t\t\t\t<h1 class=\"elementor-heading-title elementor-size-default\">Nos origines<\/h1>\t\t\t\t<\/div>\n\t\t\t\t<\/div>\n\t\t\t\t\t<\/div>\n\t\t<\/div>\n\t\t\t\t\t<\/div>\n\t\t<\/section>\n\t\t\t\t<section class=\"elementor-section elementor-top-section elementor-element elementor-element-275f2b76 elementor-reverse-mobile elementor-section-content-middle elementor-section-boxed elementor-section-height-default elementor-section-height-default\" data-id=\"275f2b76\" data-element_type=\"section\">\n\t\t\t\t\t\t<div class=\"elementor-container elementor-column-gap-default\">\n\t\t\t\t\t<div class=\"elementor-column elementor-col-50 elementor-top-column elementor-element elementor-element-1ada4a01\" data-id=\"1ada4a01\" data-element_type=\"column\">\n\t\t\t<div class=\"elementor-widget-wrap elementor-element-populated\">\n\t\t\t\t\t\t<div class=\"elementor-element elementor-element-4657b64b elementor-widget elementor-widget-heading\" data-id=\"4657b64b\" data-element_type=\"widget\" data-widget_type=\"heading.default\">\n\t\t\t\t<div class=\"elementor-widget-container\">\n\t\t\t\t\t<h2 class=\"elementor-heading-title elementor-size-default\">Tous les super-h\u00e9ros ne sont pas n\u00e9s! <\/h2>\t\t\t\t<\/div>\n\t\t\t\t<\/div>\n\t\t\t\t<div class=\"elementor-element elementor-element-2c5f8263 elementor-widget elementor-widget-text-editor\" data-id=\"2c5f8263\" data-element_type=\"widget\" data-widget_type=\"text-editor.default\">\n\t\t\t\t<div class=\"elementor-widget-container\">\n\t\t\t\t\t\t\t\t\t<p>En 1996, les Cheestrings apparaissaient pour la premi\u00e8re fois en Irlande du sud afin d\u2019aider \u00e0 r\u00e9volutionner les boites a tartines et les collations!<\/p><p>Au fil des ans, la marque Cheestrings est pass\u00e9e d\u2019Irlande au Royaume-Uni, en France (connu ici sous le nom de \u00ab Ficello \u00bb), aux Pays-Bas, en Allemagne, en Espagne, au Portugal, en Italie et finalement en Belgique en 2012, apportant avec elle une nouvelle gamme de produits Cheestrings passionnants.<\/p>\t\t\t\t\t\t\t\t<\/div>\n\t\t\t\t<\/div>\n\t\t\t\t\t<\/div>\n\t\t<\/div>\n\t\t\t\t<div class=\"elementor-column elementor-col-50 elementor-top-column elementor-element elementor-element-662c5583\" data-id=\"662c5583\" data-element_type=\"column\" data-settings=\"{&quot;background_background&quot;:&quot;classic&quot;}\">\n\t\t\t<div class=\"elementor-widget-wrap elementor-element-populated\">\n\t\t\t\t\t\t<div class=\"elementor-element elementor-element-928fb54 elementor-widget elementor-widget-image\" data-id=\"928fb54\" data-element_type=\"widget\" data-settings=\"{&quot;motion_fx_motion_fx_scrolling&quot;:&quot;yes&quot;,&quot;motion_fx_opacity_effect&quot;:&quot;yes&quot;,&quot;motion_fx_opacity_range&quot;:{&quot;unit&quot;:&quot;%&quot;,&quot;size&quot;:&quot;&quot;,&quot;sizes&quot;:{&quot;start&quot;:21,&quot;end&quot;:54}},&quot;motion_fx_opacity_direction&quot;:&quot;out-in&quot;,&quot;motion_fx_opacity_level&quot;:{&quot;unit&quot;:&quot;px&quot;,&quot;size&quot;:10,&quot;sizes&quot;:[]},&quot;motion_fx_devices&quot;:[&quot;desktop&quot;,&quot;tablet&quot;,&quot;mobile&quot;]}\" data-widget_type=\"image.default\">\n\t\t\t\t<div class=\"elementor-widget-container\">\n\t\t\t\t\t\t\t\t\t\t\t\t\t\t\t<img decoding=\"async\" width=\"857\" height=\"643\" src=\"https:\/\/cheestrings.net\/be\/wp-content\/uploads\/sites\/6\/2025\/06\/map-origins.png\" class=\"attachment-full size-full wp-image-540\" alt=\"\" srcset=\"https:\/\/cheestrings.net\/be\/wp-content\/uploads\/sites\/6\/2025\/06\/map-origins.png 857w, https:\/\/cheestrings.net\/be\/wp-content\/uploads\/sites\/6\/2025\/06\/map-origins-300x225.png 300w, https:\/\/cheestrings.net\/be\/wp-content\/uploads\/sites\/6\/2025\/06\/map-origins-768x576.png 768w\" sizes=\"(max-width: 857px) 100vw, 857px\" \/>\t\t\t\t\t\t\t\t\t\t\t\t\t\t\t<\/div>\n\t\t\t\t<\/div>\n\t\t\t\t\t<\/div>\n\t\t<\/div>\n\t\t\t\t\t<\/div>\n\t\t<\/section>\n\t\t\t\t<section class=\"elementor-section elementor-top-section elementor-element elementor-element-4741312c elementor-section-content-middle elementor-section-boxed elementor-section-height-default elementor-section-height-default\" data-id=\"4741312c\" data-element_type=\"section\">\n\t\t\t\t\t\t<div class=\"elementor-container elementor-column-gap-default\">\n\t\t\t\t\t<div class=\"elementor-column elementor-col-50 elementor-top-column elementor-element elementor-element-4ee4841e\" data-id=\"4ee4841e\" data-element_type=\"column\" data-settings=\"{&quot;background_background&quot;:&quot;classic&quot;}\">\n\t\t\t<div class=\"elementor-widget-wrap elementor-element-populated\">\n\t\t\t\t\t\t<div class=\"elementor-element elementor-element-5a00c612 animated-slow elementor-invisible elementor-widget elementor-widget-image\" data-id=\"5a00c612\" data-element_type=\"widget\" data-settings=\"{&quot;_animation&quot;:&quot;bounceIn&quot;}\" data-widget_type=\"image.default\">\n\t\t\t\t<div class=\"elementor-widget-container\">\n\t\t\t\t\t\t\t\t\t\t\t\t\t\t\t<img decoding=\"async\" width=\"650\" height=\"465\" src=\"https:\/\/cheestrings.net\/be\/wp-content\/uploads\/sites\/6\/2020\/08\/homepage_tab_2_large-1.png\" class=\"attachment-full size-full wp-image-220\" alt=\"\" srcset=\"https:\/\/cheestrings.net\/be\/wp-content\/uploads\/sites\/6\/2020\/08\/homepage_tab_2_large-1.png 650w, https:\/\/cheestrings.net\/be\/wp-content\/uploads\/sites\/6\/2020\/08\/homepage_tab_2_large-1-300x215.png 300w\" sizes=\"(max-width: 650px) 100vw, 650px\" \/>\t\t\t\t\t\t\t\t\t\t\t\t\t\t\t<\/div>\n\t\t\t\t<\/div>\n\t\t\t\t\t<\/div>\n\t\t<\/div>\n\t\t\t\t<div class=\"elementor-column elementor-col-50 elementor-top-column elementor-element elementor-element-1d36f8cc\" data-id=\"1d36f8cc\" data-element_type=\"column\">\n\t\t\t<div class=\"elementor-widget-wrap elementor-element-populated\">\n\t\t\t\t\t\t<div class=\"elementor-element elementor-element-64c91d37 elementor-widget elementor-widget-heading\" data-id=\"64c91d37\" data-element_type=\"widget\" data-widget_type=\"heading.default\">\n\t\t\t\t<div class=\"elementor-widget-container\">\n\t\t\t\t\t<h2 class=\"elementor-heading-title elementor-size-default\">Cheestrings ne veut que le meilleur pour tous les enfants<\/h2>\t\t\t\t<\/div>\n\t\t\t\t<\/div>\n\t\t\t\t<div class=\"elementor-element elementor-element-451e07b elementor-widget elementor-widget-text-editor\" data-id=\"451e07b\" data-element_type=\"widget\" data-widget_type=\"text-editor.default\">\n\t\t\t\t<div class=\"elementor-widget-container\">\n\t\t\t\t\t\t\t\t\t<p>Nous nous assurons que tous les Cheestrings contiennent environ un verre de lait, ce qui couvre environ \u00bc des besoins quotidiens en calcium de chaque enfant! Nous faisons cela parce que nous savons que pour chaque enfant puisse grandir et devenir leur propre super-h\u00e9ros, ils ont besoin de calcium, pour les aider \u00e0 d\u00e9velopper des os solides.<\/p><p>Cheestrings s\u2019assure \u00e9galement qu\u2019aucun ar\u00f4me, conservateur ou colorant artificiel n\u2019est utilis\u00e9 dans la production des Cheestrings. <\/p>\t\t\t\t\t\t\t\t<\/div>\n\t\t\t\t<\/div>\n\t\t\t\t\t<\/div>\n\t\t<\/div>\n\t\t\t\t\t<\/div>\n\t\t<\/section>\n\t\t\t\t<\/div>\n\t\t","protected":false},"excerpt":{"rendered":"<p>Nos origines Tous les super-h\u00e9ros ne sont pas n\u00e9s! En 1996, les Cheestrings apparaissaient pour la premi\u00e8re fois en Irlande du sud afin d\u2019aider \u00e0 r\u00e9volutionner les boites a tartines et les collations! Au fil des ans, la marque Cheestrings est pass\u00e9e d\u2019Irlande au Royaume-Uni, en France (connu ici sous le nom de \u00ab Ficello [&hellip;]<\/p>\n","protected":false},"author":2,"featured_media":0,"parent":267,"menu_order":0,"comment_status":"closed","ping_status":"closed","template":"","meta":{"footnotes":""},"class_list":["post-265","page","type-page","status-publish","hentry"],"_links":{"self":[{"href":"https:\/\/cheestrings.net\/be\/fr\/wp-json\/wp\/v2\/pages\/265","targetHints":{"allow":["GET"]}}],"collection":[{"href":"https:\/\/cheestrings.net\/be\/fr\/wp-json\/wp\/v2\/pages"}],"about":[{"href":"https:\/\/cheestrings.net\/be\/fr\/wp-json\/wp\/v2\/types\/page"}],"author":[{"embeddable":true,"href":"https:\/\/cheestrings.net\/be\/fr\/wp-json\/wp\/v2\/users\/2"}],"replies":[{"embeddable":true,"href":"https:\/\/cheestrings.net\/be\/fr\/wp-json\/wp\/v2\/comments?post=265"}],"version-history":[{"count":3,"href":"https:\/\/cheestrings.net\/be\/fr\/wp-json\/wp\/v2\/pages\/265\/revisions"}],"predecessor-version":[{"id":546,"href":"https:\/\/cheestrings.net\/be\/fr\/wp-json\/wp\/v2\/pages\/265\/revisions\/546"}],"up":[{"embeddable":true,"href":"https:\/\/cheestrings.net\/be\/fr\/wp-json\/wp\/v2\/pages\/267"}],"wp:attachment":[{"href":"https:\/\/cheestrings.net\/be\/fr\/wp-json\/wp\/v2\/media?parent=265"}],"curies":[{"name":"wp","href":"https:\/\/api.w.org\/{rel}","templated":true}]}}