{"id":266,"date":"2020-08-17T18:11:14","date_gmt":"2020-08-17T17:11:14","guid":{"rendered":"https:\/\/cheestrings.net\/be\/comment-produisons-nous-les-cheestrings\/"},"modified":"2020-09-30T16:07:53","modified_gmt":"2020-09-30T15:07:53","slug":"comment-produisons-nous-les-cheestrings","status":"publish","type":"page","link":"https:\/\/cheestrings.net\/be\/fr\/qui-sommes-nous\/comment-produisons-nous-les-cheestrings\/","title":{"rendered":"Comment produisons-nous les Cheestrings?"},"content":{"rendered":"\t\t<div data-elementor-type=\"wp-page\" data-elementor-id=\"266\" class=\"elementor elementor-266\" data-elementor-post-type=\"page\">\n\t\t\t\t\t\t<section class=\"elementor-section elementor-top-section elementor-element elementor-element-40a6d350 elementor-section-height-min-height elementor-section-items-bottom elementor-hidden-phone elementor-section-boxed elementor-section-height-default\" data-id=\"40a6d350\" data-element_type=\"section\" data-settings=\"{&quot;background_background&quot;:&quot;classic&quot;}\">\n\t\t\t\t\t\t<div class=\"elementor-container elementor-column-gap-default\">\n\t\t\t\t\t<div class=\"elementor-column elementor-col-50 elementor-top-column elementor-element elementor-element-77a251d2\" data-id=\"77a251d2\" data-element_type=\"column\">\n\t\t\t<div class=\"elementor-widget-wrap elementor-element-populated\">\n\t\t\t\t\t\t<div class=\"elementor-element elementor-element-610bc9bf elementor-widget-mobile__width-initial elementor-absolute elementor-invisible elementor-widget elementor-widget-image\" data-id=\"610bc9bf\" data-element_type=\"widget\" data-settings=\"{&quot;_position&quot;:&quot;absolute&quot;,&quot;_animation&quot;:&quot;bounceInLeft&quot;}\" data-widget_type=\"image.default\">\n\t\t\t\t<div class=\"elementor-widget-container\">\n\t\t\t\t\t\t\t\t\t\t\t\t\t\t\t<img fetchpriority=\"high\" decoding=\"async\" width=\"650\" height=\"1000\" src=\"https:\/\/cheestrings.net\/be\/wp-content\/uploads\/sites\/6\/2020\/08\/how_its_made_hero_character.png\" class=\"attachment-large size-large wp-image-222\" alt=\"\" srcset=\"https:\/\/cheestrings.net\/be\/wp-content\/uploads\/sites\/6\/2020\/08\/how_its_made_hero_character.png 650w, https:\/\/cheestrings.net\/be\/wp-content\/uploads\/sites\/6\/2020\/08\/how_its_made_hero_character-195x300.png 195w\" sizes=\"(max-width: 650px) 100vw, 650px\" \/>\t\t\t\t\t\t\t\t\t\t\t\t\t\t\t<\/div>\n\t\t\t\t<\/div>\n\t\t\t\t\t<\/div>\n\t\t<\/div>\n\t\t\t\t<div class=\"elementor-column elementor-col-50 elementor-top-column elementor-element elementor-element-64478b5c\" data-id=\"64478b5c\" data-element_type=\"column\">\n\t\t\t<div class=\"elementor-widget-wrap elementor-element-populated\">\n\t\t\t\t\t\t<div class=\"elementor-element elementor-element-3a4dd672 elementor-invisible elementor-widget elementor-widget-heading\" data-id=\"3a4dd672\" data-element_type=\"widget\" data-settings=\"{&quot;_animation&quot;:&quot;bounceInRight&quot;}\" data-widget_type=\"heading.default\">\n\t\t\t\t<div class=\"elementor-widget-container\">\n\t\t\t\t\t<h1 class=\"elementor-heading-title elementor-size-default\">Comment produisons-nous les Cheestrings?<\/h1>\t\t\t\t<\/div>\n\t\t\t\t<\/div>\n\t\t\t\t\t<\/div>\n\t\t<\/div>\n\t\t\t\t\t<\/div>\n\t\t<\/section>\n\t\t\t\t<section class=\"elementor-section elementor-top-section elementor-element elementor-element-7ff4d1d1 elementor-section-height-min-height elementor-reverse-mobile elementor-section-boxed elementor-section-height-default elementor-section-items-middle\" data-id=\"7ff4d1d1\" data-element_type=\"section\">\n\t\t\t\t\t\t<div class=\"elementor-container elementor-column-gap-default\">\n\t\t\t\t\t<div class=\"elementor-column elementor-col-50 elementor-top-column elementor-element elementor-element-61a6bbd4\" data-id=\"61a6bbd4\" data-element_type=\"column\">\n\t\t\t<div class=\"elementor-widget-wrap elementor-element-populated\">\n\t\t\t\t\t\t<div class=\"elementor-element elementor-element-5ab90a02 elementor-widget elementor-widget-heading\" data-id=\"5ab90a02\" data-element_type=\"widget\" data-widget_type=\"heading.default\">\n\t\t\t\t<div class=\"elementor-widget-container\">\n\t\t\t\t\t<h2 class=\"elementor-heading-title elementor-size-default\">Avec de grands pouvoirs, vient une grande responsabilit\u00e9! <\/h2>\t\t\t\t<\/div>\n\t\t\t\t<\/div>\n\t\t\t\t<div class=\"elementor-element elementor-element-5146c76c elementor-widget elementor-widget-text-editor\" data-id=\"5146c76c\" data-element_type=\"widget\" data-widget_type=\"text-editor.default\">\n\t\t\t\t<div class=\"elementor-widget-container\">\n\t\t\t\t\t\t\t\t\t<p>Cheestrings s\u2019assure que tous les produits Cheestrings sont produits selon les normes les plus strictes!<\/p><p>Les Cheestrings sont produits de mani\u00e8re similaire \u00e0 la Mozzarella traditionnelle, mais notre approche unique fait toute la diff\u00e9rence. Tout commence avec le lait frais des vaches, qui est particuli\u00e8rement riche en prot\u00e9ines, gr\u00e2ce \u00e0 leur conditions d\u2019alimentation id\u00e9ale, ce qui participe \u00e0 la formation des fils de fromages dans nos Cheestrings.<\/p>\t\t\t\t\t\t\t\t<\/div>\n\t\t\t\t<\/div>\n\t\t\t\t\t<\/div>\n\t\t<\/div>\n\t\t\t\t<div class=\"elementor-column elementor-col-50 elementor-top-column elementor-element elementor-element-2dc985b1\" data-id=\"2dc985b1\" data-element_type=\"column\" data-settings=\"{&quot;background_background&quot;:&quot;classic&quot;}\">\n\t\t\t<div class=\"elementor-widget-wrap elementor-element-populated\">\n\t\t\t\t\t\t<div class=\"elementor-element elementor-element-a856bdb elementor-invisible elementor-widget elementor-widget-image\" data-id=\"a856bdb\" data-element_type=\"widget\" data-settings=\"{&quot;_animation&quot;:&quot;rotateIn&quot;}\" data-widget_type=\"image.default\">\n\t\t\t\t<div class=\"elementor-widget-container\">\n\t\t\t\t\t\t\t\t\t\t\t\t\t\t\t<img decoding=\"async\" width=\"535\" height=\"379\" src=\"https:\/\/cheestrings.net\/be\/wp-content\/uploads\/sites\/6\/2020\/08\/how-its-made-img1.png\" class=\"attachment-full size-full wp-image-223\" alt=\"\" srcset=\"https:\/\/cheestrings.net\/be\/wp-content\/uploads\/sites\/6\/2020\/08\/how-its-made-img1.png 535w, https:\/\/cheestrings.net\/be\/wp-content\/uploads\/sites\/6\/2020\/08\/how-its-made-img1-300x213.png 300w\" sizes=\"(max-width: 535px) 100vw, 535px\" \/>\t\t\t\t\t\t\t\t\t\t\t\t\t\t\t<\/div>\n\t\t\t\t<\/div>\n\t\t\t\t\t<\/div>\n\t\t<\/div>\n\t\t\t\t\t<\/div>\n\t\t<\/section>\n\t\t\t\t<section class=\"elementor-section elementor-top-section elementor-element elementor-element-1d0e958b elementor-section-boxed elementor-section-height-default elementor-section-height-default\" data-id=\"1d0e958b\" data-element_type=\"section\">\n\t\t\t\t\t\t<div class=\"elementor-container elementor-column-gap-default\">\n\t\t\t\t\t<div class=\"elementor-column elementor-col-50 elementor-top-column elementor-element elementor-element-31164ad0\" data-id=\"31164ad0\" data-element_type=\"column\" data-settings=\"{&quot;background_background&quot;:&quot;classic&quot;}\">\n\t\t\t<div class=\"elementor-widget-wrap elementor-element-populated\">\n\t\t\t\t\t\t<div class=\"elementor-element elementor-element-6f4e4997 elementor-invisible elementor-widget elementor-widget-image\" data-id=\"6f4e4997\" data-element_type=\"widget\" data-settings=\"{&quot;_animation&quot;:&quot;rotateIn&quot;}\" data-widget_type=\"image.default\">\n\t\t\t\t<div class=\"elementor-widget-container\">\n\t\t\t\t\t\t\t\t\t\t\t\t\t\t\t<img decoding=\"async\" width=\"468\" height=\"378\" src=\"https:\/\/cheestrings.net\/be\/wp-content\/uploads\/sites\/6\/2020\/08\/how-its-made-img_2.png\" class=\"attachment-full size-full wp-image-355\" alt=\"\" \/>\t\t\t\t\t\t\t\t\t\t\t\t\t\t\t<\/div>\n\t\t\t\t<\/div>\n\t\t\t\t\t<\/div>\n\t\t<\/div>\n\t\t\t\t<div class=\"elementor-column elementor-col-50 elementor-top-column elementor-element elementor-element-66bfcc73\" data-id=\"66bfcc73\" data-element_type=\"column\">\n\t\t\t<div class=\"elementor-widget-wrap elementor-element-populated\">\n\t\t\t\t\t\t<div class=\"elementor-element elementor-element-921158 elementor-widget elementor-widget-heading\" data-id=\"921158\" data-element_type=\"widget\" data-widget_type=\"heading.default\">\n\t\t\t\t<div class=\"elementor-widget-container\">\n\t\t\t\t\t<h2 class=\"elementor-heading-title elementor-size-default\">Tous pr\u00eats \u00e0 aider?<\/h2>\t\t\t\t<\/div>\n\t\t\t\t<\/div>\n\t\t\t\t<div class=\"elementor-element elementor-element-179f5127 elementor-widget elementor-widget-text-editor\" data-id=\"179f5127\" data-element_type=\"widget\" data-widget_type=\"text-editor.default\">\n\t\t\t\t<div class=\"elementor-widget-container\">\n\t\t\t\t\t\t\t\t\t<p>Les Cheestrings sont doucement chauff\u00e9s et \u00e9tir\u00e9s comme la Mozzarella. C\u2019est ce qui les rend \u00e9lastiques et tellement marrants.<\/p><p>Apres avoir \u00e9t\u00e9 d\u00e9coup\u00e9s et emball\u00e9s , nos Cheestrings sont envoy\u00e9s \u00e0 nos partenaires commerciaux, qui apportent nos d\u00e9licieux Cheestrings \u00e0 tous gourmands d\u2019Europe.<\/p>\t\t\t\t\t\t\t\t<\/div>\n\t\t\t\t<\/div>\n\t\t\t\t\t<\/div>\n\t\t<\/div>\n\t\t\t\t\t<\/div>\n\t\t<\/section>\n\t\t\t\t<\/div>\n\t\t","protected":false},"excerpt":{"rendered":"<p>Comment produisons-nous les Cheestrings? Avec de grands pouvoirs, vient une grande responsabilit\u00e9! Cheestrings s\u2019assure que tous les produits Cheestrings sont produits selon les normes les plus strictes! Les Cheestrings sont produits de mani\u00e8re similaire \u00e0 la Mozzarella traditionnelle, mais notre approche unique fait toute la diff\u00e9rence. Tout commence avec le lait frais des vaches, qui [&hellip;]<\/p>\n","protected":false},"author":2,"featured_media":0,"parent":267,"menu_order":0,"comment_status":"closed","ping_status":"closed","template":"","meta":{"footnotes":""},"class_list":["post-266","page","type-page","status-publish","hentry"],"_links":{"self":[{"href":"https:\/\/cheestrings.net\/be\/fr\/wp-json\/wp\/v2\/pages\/266","targetHints":{"allow":["GET"]}}],"collection":[{"href":"https:\/\/cheestrings.net\/be\/fr\/wp-json\/wp\/v2\/pages"}],"about":[{"href":"https:\/\/cheestrings.net\/be\/fr\/wp-json\/wp\/v2\/types\/page"}],"author":[{"embeddable":true,"href":"https:\/\/cheestrings.net\/be\/fr\/wp-json\/wp\/v2\/users\/2"}],"replies":[{"embeddable":true,"href":"https:\/\/cheestrings.net\/be\/fr\/wp-json\/wp\/v2\/comments?post=266"}],"version-history":[{"count":0,"href":"https:\/\/cheestrings.net\/be\/fr\/wp-json\/wp\/v2\/pages\/266\/revisions"}],"up":[{"embeddable":true,"href":"https:\/\/cheestrings.net\/be\/fr\/wp-json\/wp\/v2\/pages\/267"}],"wp:attachment":[{"href":"https:\/\/cheestrings.net\/be\/fr\/wp-json\/wp\/v2\/media?parent=266"}],"curies":[{"name":"wp","href":"https:\/\/api.w.org\/{rel}","templated":true}]}}