{"id":115,"date":"2020-08-12T10:32:19","date_gmt":"2020-08-12T09:32:19","guid":{"rendered":"http:\/\/cheestrings.net\/de\/?page_id=115"},"modified":"2024-08-20T17:41:07","modified_gmt":"2024-08-20T16:41:07","slug":"wie-wir-cheestrings-herstellen","status":"publish","type":"page","link":"https:\/\/cheestrings.net\/de\/uber-uns\/wie-wir-cheestrings-herstellen\/","title":{"rendered":"Wie wir Cheestrings herstellen"},"content":{"rendered":"\t\t<div data-elementor-type=\"wp-page\" data-elementor-id=\"115\" class=\"elementor elementor-115\" data-elementor-post-type=\"page\">\n\t\t\t\t\t\t<section class=\"elementor-section elementor-top-section elementor-element elementor-element-5fbe019c elementor-section-height-min-height elementor-section-items-bottom elementor-hidden-phone elementor-section-boxed elementor-section-height-default\" data-id=\"5fbe019c\" data-element_type=\"section\" data-settings=\"{&quot;background_background&quot;:&quot;classic&quot;}\">\n\t\t\t\t\t\t<div class=\"elementor-container elementor-column-gap-default\">\n\t\t\t\t\t<div class=\"elementor-column elementor-col-50 elementor-top-column elementor-element elementor-element-63a4ba3\" data-id=\"63a4ba3\" data-element_type=\"column\">\n\t\t\t<div class=\"elementor-widget-wrap elementor-element-populated\">\n\t\t\t\t\t\t<div class=\"elementor-element elementor-element-aab7dd9 elementor-widget-mobile__width-initial elementor-absolute elementor-invisible elementor-widget elementor-widget-image\" data-id=\"aab7dd9\" data-element_type=\"widget\" data-settings=\"{&quot;_position&quot;:&quot;absolute&quot;,&quot;_animation&quot;:&quot;bounceInLeft&quot;}\" data-widget_type=\"image.default\">\n\t\t\t\t<div class=\"elementor-widget-container\">\n\t\t\t\t\t\t\t\t\t\t\t\t\t\t\t<img fetchpriority=\"high\" decoding=\"async\" width=\"650\" height=\"1000\" src=\"https:\/\/cheestrings.net\/de\/wp-content\/uploads\/sites\/3\/2020\/08\/how_its_made_hero_character.png\" class=\"attachment-large size-large wp-image-201\" alt=\"\" srcset=\"https:\/\/cheestrings.net\/de\/wp-content\/uploads\/sites\/3\/2020\/08\/how_its_made_hero_character.png 650w, https:\/\/cheestrings.net\/de\/wp-content\/uploads\/sites\/3\/2020\/08\/how_its_made_hero_character-195x300.png 195w\" sizes=\"(max-width: 650px) 100vw, 650px\" \/>\t\t\t\t\t\t\t\t\t\t\t\t\t\t\t<\/div>\n\t\t\t\t<\/div>\n\t\t\t\t\t<\/div>\n\t\t<\/div>\n\t\t\t\t<div class=\"elementor-column elementor-col-50 elementor-top-column elementor-element elementor-element-14e8d0b9\" data-id=\"14e8d0b9\" data-element_type=\"column\">\n\t\t\t<div class=\"elementor-widget-wrap elementor-element-populated\">\n\t\t\t\t\t\t<div class=\"elementor-element elementor-element-4330a5e8 elementor-invisible elementor-widget elementor-widget-heading\" data-id=\"4330a5e8\" data-element_type=\"widget\" data-settings=\"{&quot;_animation&quot;:&quot;bounceInRight&quot;}\" data-widget_type=\"heading.default\">\n\t\t\t\t<div class=\"elementor-widget-container\">\n\t\t\t\t\t<h2 class=\"elementor-heading-title elementor-size-default\">Wie wir Cheestrings herstellen<\/h2>\t\t\t\t<\/div>\n\t\t\t\t<\/div>\n\t\t\t\t\t<\/div>\n\t\t<\/div>\n\t\t\t\t\t<\/div>\n\t\t<\/section>\n\t\t\t\t<section class=\"elementor-section elementor-top-section elementor-element elementor-element-117fb691 elementor-section-height-min-height elementor-reverse-mobile elementor-section-boxed elementor-section-height-default elementor-section-items-middle\" data-id=\"117fb691\" data-element_type=\"section\">\n\t\t\t\t\t\t<div class=\"elementor-container elementor-column-gap-default\">\n\t\t\t\t\t<div class=\"elementor-column elementor-col-100 elementor-top-column elementor-element elementor-element-2886313e\" data-id=\"2886313e\" data-element_type=\"column\">\n\t\t\t<div class=\"elementor-widget-wrap elementor-element-populated\">\n\t\t\t\t\t\t<div class=\"elementor-element elementor-element-2bca90b elementor-widget elementor-widget-heading\" data-id=\"2bca90b\" data-element_type=\"widget\" data-widget_type=\"heading.default\">\n\t\t\t\t<div class=\"elementor-widget-container\">\n\t\t\t\t\t<h2 class=\"elementor-heading-title elementor-size-default\">Wie kann es sein, dass sich K\u00e4se in F\u00e4den abziehen l\u00e4sst? Ehrlich gesagt ist es ganz einfach:<\/h2>\t\t\t\t<\/div>\n\t\t\t\t<\/div>\n\t\t\t\t<section class=\"elementor-section elementor-inner-section elementor-element elementor-element-8fc5056 elementor-section-content-middle elementor-section-boxed elementor-section-height-default elementor-section-height-default\" data-id=\"8fc5056\" data-element_type=\"section\" data-settings=\"{&quot;background_background&quot;:&quot;classic&quot;}\">\n\t\t\t\t\t\t<div class=\"elementor-container elementor-column-gap-default\">\n\t\t\t\t\t<div class=\"elementor-column elementor-col-50 elementor-inner-column elementor-element elementor-element-2eda0d9\" data-id=\"2eda0d9\" data-element_type=\"column\">\n\t\t\t<div class=\"elementor-widget-wrap elementor-element-populated\">\n\t\t\t\t\t\t<div class=\"elementor-element elementor-element-b3200ab elementor-invisible elementor-widget elementor-widget-image\" data-id=\"b3200ab\" data-element_type=\"widget\" data-settings=\"{&quot;_animation&quot;:&quot;rotateIn&quot;}\" data-widget_type=\"image.default\">\n\t\t\t\t<div class=\"elementor-widget-container\">\n\t\t\t\t\t\t\t\t\t\t\t\t\t\t\t<img decoding=\"async\" width=\"460\" height=\"460\" data-src=\"https:\/\/cheestrings.net\/de\/wp-content\/uploads\/sites\/3\/2024\/08\/image_1.png\" class=\"attachment-full size-full wp-image-485 lazyload\" alt=\"\" data-srcset=\"https:\/\/cheestrings.net\/de\/wp-content\/uploads\/sites\/3\/2024\/08\/image_1.png 460w, https:\/\/cheestrings.net\/de\/wp-content\/uploads\/sites\/3\/2024\/08\/image_1-300x300.png 300w, https:\/\/cheestrings.net\/de\/wp-content\/uploads\/sites\/3\/2024\/08\/image_1-150x150.png 150w\" data-sizes=\"(max-width: 460px) 100vw, 460px\" src=\"data:image\/svg+xml;base64,PHN2ZyB3aWR0aD0iMSIgaGVpZ2h0PSIxIiB4bWxucz0iaHR0cDovL3d3dy53My5vcmcvMjAwMC9zdmciPjwvc3ZnPg==\" style=\"--smush-placeholder-width: 460px; --smush-placeholder-aspect-ratio: 460\/460;\" \/>\t\t\t\t\t\t\t\t\t\t\t\t\t\t\t<\/div>\n\t\t\t\t<\/div>\n\t\t\t\t\t<\/div>\n\t\t<\/div>\n\t\t\t\t<div class=\"elementor-column elementor-col-50 elementor-inner-column elementor-element elementor-element-c4ca107\" data-id=\"c4ca107\" data-element_type=\"column\">\n\t\t\t<div class=\"elementor-widget-wrap elementor-element-populated\">\n\t\t\t\t\t\t<div class=\"elementor-element elementor-element-34a04287 elementor-widget elementor-widget-heading\" data-id=\"34a04287\" data-element_type=\"widget\" data-widget_type=\"heading.default\">\n\t\t\t\t<div class=\"elementor-widget-container\">\n\t\t\t\t\t<h2 class=\"elementor-heading-title elementor-size-default\">Die Milch von gl\u00fccklichen K\u00fchen wird zu frischem K\u00e4se verarbeitet.\n<\/h2>\t\t\t\t<\/div>\n\t\t\t\t<\/div>\n\t\t\t\t\t<\/div>\n\t\t<\/div>\n\t\t\t\t\t<\/div>\n\t\t<\/section>\n\t\t\t\t<section class=\"elementor-section elementor-inner-section elementor-element elementor-element-0807100 elementor-section-content-middle elementor-section-boxed elementor-section-height-default elementor-section-height-default\" data-id=\"0807100\" data-element_type=\"section\" data-settings=\"{&quot;background_background&quot;:&quot;classic&quot;}\">\n\t\t\t\t\t\t<div class=\"elementor-container elementor-column-gap-default\">\n\t\t\t\t\t<div class=\"elementor-column elementor-col-50 elementor-inner-column elementor-element elementor-element-e70f4d4\" data-id=\"e70f4d4\" data-element_type=\"column\">\n\t\t\t<div class=\"elementor-widget-wrap elementor-element-populated\">\n\t\t\t\t\t\t<div class=\"elementor-element elementor-element-aff8c7f elementor-invisible elementor-widget elementor-widget-image\" data-id=\"aff8c7f\" data-element_type=\"widget\" data-settings=\"{&quot;_animation&quot;:&quot;rotateIn&quot;}\" data-widget_type=\"image.default\">\n\t\t\t\t<div class=\"elementor-widget-container\">\n\t\t\t\t\t\t\t\t\t\t\t\t\t\t\t<img decoding=\"async\" width=\"460\" height=\"460\" data-src=\"https:\/\/cheestrings.net\/de\/wp-content\/uploads\/sites\/3\/2024\/08\/image_2.png\" class=\"attachment-full size-full wp-image-486 lazyload\" alt=\"\" data-srcset=\"https:\/\/cheestrings.net\/de\/wp-content\/uploads\/sites\/3\/2024\/08\/image_2.png 460w, https:\/\/cheestrings.net\/de\/wp-content\/uploads\/sites\/3\/2024\/08\/image_2-300x300.png 300w, https:\/\/cheestrings.net\/de\/wp-content\/uploads\/sites\/3\/2024\/08\/image_2-150x150.png 150w\" data-sizes=\"(max-width: 460px) 100vw, 460px\" src=\"data:image\/svg+xml;base64,PHN2ZyB3aWR0aD0iMSIgaGVpZ2h0PSIxIiB4bWxucz0iaHR0cDovL3d3dy53My5vcmcvMjAwMC9zdmciPjwvc3ZnPg==\" style=\"--smush-placeholder-width: 460px; --smush-placeholder-aspect-ratio: 460\/460;\" \/>\t\t\t\t\t\t\t\t\t\t\t\t\t\t\t<\/div>\n\t\t\t\t<\/div>\n\t\t\t\t\t<\/div>\n\t\t<\/div>\n\t\t\t\t<div class=\"elementor-column elementor-col-50 elementor-inner-column elementor-element elementor-element-9653f18\" data-id=\"9653f18\" data-element_type=\"column\">\n\t\t\t<div class=\"elementor-widget-wrap elementor-element-populated\">\n\t\t\t\t\t\t<div class=\"elementor-element elementor-element-4451dc4 elementor-widget elementor-widget-heading\" data-id=\"4451dc4\" data-element_type=\"widget\" data-widget_type=\"heading.default\">\n\t\t\t\t<div class=\"elementor-widget-container\">\n\t\t\t\t\t<h2 class=\"elementor-heading-title elementor-size-default\">Durch\u2018s Erhitzen &amp; Ziehen erh\u00e4lt der K\u00e4se eine ganz neue Struktur.<\/h2>\t\t\t\t<\/div>\n\t\t\t\t<\/div>\n\t\t\t\t\t<\/div>\n\t\t<\/div>\n\t\t\t\t\t<\/div>\n\t\t<\/section>\n\t\t\t\t<section class=\"elementor-section elementor-inner-section elementor-element elementor-element-c90210e elementor-section-content-middle elementor-section-boxed elementor-section-height-default elementor-section-height-default\" data-id=\"c90210e\" data-element_type=\"section\" data-settings=\"{&quot;background_background&quot;:&quot;classic&quot;}\">\n\t\t\t\t\t\t<div class=\"elementor-container elementor-column-gap-default\">\n\t\t\t\t\t<div class=\"elementor-column elementor-col-50 elementor-inner-column elementor-element elementor-element-02072c0\" data-id=\"02072c0\" data-element_type=\"column\">\n\t\t\t<div class=\"elementor-widget-wrap elementor-element-populated\">\n\t\t\t\t\t\t<div class=\"elementor-element elementor-element-c151dc1 elementor-invisible elementor-widget elementor-widget-image\" data-id=\"c151dc1\" data-element_type=\"widget\" data-settings=\"{&quot;_animation&quot;:&quot;rotateIn&quot;}\" data-widget_type=\"image.default\">\n\t\t\t\t<div class=\"elementor-widget-container\">\n\t\t\t\t\t\t\t\t\t\t\t\t\t\t\t<img decoding=\"async\" width=\"460\" height=\"460\" data-src=\"https:\/\/cheestrings.net\/de\/wp-content\/uploads\/sites\/3\/2024\/08\/image_3.png\" class=\"attachment-full size-full wp-image-487 lazyload\" alt=\"\" data-srcset=\"https:\/\/cheestrings.net\/de\/wp-content\/uploads\/sites\/3\/2024\/08\/image_3.png 460w, https:\/\/cheestrings.net\/de\/wp-content\/uploads\/sites\/3\/2024\/08\/image_3-300x300.png 300w, https:\/\/cheestrings.net\/de\/wp-content\/uploads\/sites\/3\/2024\/08\/image_3-150x150.png 150w\" data-sizes=\"(max-width: 460px) 100vw, 460px\" src=\"data:image\/svg+xml;base64,PHN2ZyB3aWR0aD0iMSIgaGVpZ2h0PSIxIiB4bWxucz0iaHR0cDovL3d3dy53My5vcmcvMjAwMC9zdmciPjwvc3ZnPg==\" style=\"--smush-placeholder-width: 460px; --smush-placeholder-aspect-ratio: 460\/460;\" \/>\t\t\t\t\t\t\t\t\t\t\t\t\t\t\t<\/div>\n\t\t\t\t<\/div>\n\t\t\t\t\t<\/div>\n\t\t<\/div>\n\t\t\t\t<div class=\"elementor-column elementor-col-50 elementor-inner-column elementor-element elementor-element-a6f374c\" data-id=\"a6f374c\" data-element_type=\"column\">\n\t\t\t<div class=\"elementor-widget-wrap elementor-element-populated\">\n\t\t\t\t\t\t<div class=\"elementor-element elementor-element-f04983a elementor-widget elementor-widget-heading\" data-id=\"f04983a\" data-element_type=\"widget\" data-widget_type=\"heading.default\">\n\t\t\t\t<div class=\"elementor-widget-container\">\n\t\t\t\t\t<h2 class=\"elementor-heading-title elementor-size-default\">Bevor er zurechtgeschnitten in die H\u00e4nde von gl\u00fccklichen Kindern gelangt.<\/h2>\t\t\t\t<\/div>\n\t\t\t\t<\/div>\n\t\t\t\t\t<\/div>\n\t\t<\/div>\n\t\t\t\t\t<\/div>\n\t\t<\/section>\n\t\t\t\t\t<\/div>\n\t\t<\/div>\n\t\t\t\t\t<\/div>\n\t\t<\/section>\n\t\t\t\t<section class=\"elementor-section elementor-top-section elementor-element elementor-element-2976474 elementor-section-height-min-height elementor-reverse-mobile elementor-hidden-desktop elementor-hidden-tablet elementor-hidden-mobile elementor-section-boxed elementor-section-height-default elementor-section-items-middle\" data-id=\"2976474\" data-element_type=\"section\">\n\t\t\t\t\t\t<div class=\"elementor-container elementor-column-gap-default\">\n\t\t\t\t\t<div class=\"elementor-column elementor-col-50 elementor-top-column elementor-element elementor-element-b666a1e\" data-id=\"b666a1e\" data-element_type=\"column\">\n\t\t\t<div class=\"elementor-widget-wrap elementor-element-populated\">\n\t\t\t\t\t\t<div class=\"elementor-element elementor-element-393dff4 elementor-widget elementor-widget-heading\" data-id=\"393dff4\" data-element_type=\"widget\" data-widget_type=\"heading.default\">\n\t\t\t\t<div class=\"elementor-widget-container\">\n\t\t\t\t\t<h2 class=\"elementor-heading-title elementor-size-default\">\nMit gro\u00dfer St\u00e4rke folgt gro\u00dfe Verantwortung!\n<\/h2>\t\t\t\t<\/div>\n\t\t\t\t<\/div>\n\t\t\t\t<div class=\"elementor-element elementor-element-6b35dbc elementor-widget elementor-widget-text-editor\" data-id=\"6b35dbc\" data-element_type=\"widget\" data-widget_type=\"text-editor.default\">\n\t\t\t\t<div class=\"elementor-widget-container\">\n\t\t\t\t\t\t\t\t\t<p>Cheestrings stellt sicher, dass alle Cheestrings Produkte auf h\u00f6chstem Niveau hergestellt werden!<\/p><p>Cheestrings werden auf \u00e4hnliche Weise wie traditioneller Mozzarella hergestellt, aber unser Anstand geistiges Eigentum macht dennoch den Unterschied. Alles beginnt mit der frischen Milch von K\u00fchen, die aufgrund der idealen F\u00fctterungs- und Weidebedingungen besonders proteinreich ist und sich positiv auf die F\u00e4denbildung von unseren Cheestrings auswirkt.<\/p><p>\u00a0<\/p>\t\t\t\t\t\t\t\t<\/div>\n\t\t\t\t<\/div>\n\t\t\t\t\t<\/div>\n\t\t<\/div>\n\t\t\t\t<div class=\"elementor-column elementor-col-50 elementor-top-column elementor-element elementor-element-2a46c4f\" data-id=\"2a46c4f\" data-element_type=\"column\" data-settings=\"{&quot;background_background&quot;:&quot;classic&quot;}\">\n\t\t\t<div class=\"elementor-widget-wrap elementor-element-populated\">\n\t\t\t\t\t\t<div class=\"elementor-element elementor-element-75118e6 elementor-invisible elementor-widget elementor-widget-image\" data-id=\"75118e6\" data-element_type=\"widget\" data-settings=\"{&quot;_animation&quot;:&quot;rotateIn&quot;}\" data-widget_type=\"image.default\">\n\t\t\t\t<div class=\"elementor-widget-container\">\n\t\t\t\t\t\t\t\t\t\t\t\t\t\t\t<img decoding=\"async\" width=\"535\" height=\"379\" data-src=\"https:\/\/cheestrings.net\/de\/wp-content\/uploads\/sites\/3\/2020\/08\/how-its-made-img1.png\" class=\"attachment-full size-full wp-image-202 lazyload\" alt=\"\" data-srcset=\"https:\/\/cheestrings.net\/de\/wp-content\/uploads\/sites\/3\/2020\/08\/how-its-made-img1.png 535w, https:\/\/cheestrings.net\/de\/wp-content\/uploads\/sites\/3\/2020\/08\/how-its-made-img1-300x213.png 300w\" data-sizes=\"(max-width: 535px) 100vw, 535px\" src=\"data:image\/svg+xml;base64,PHN2ZyB3aWR0aD0iMSIgaGVpZ2h0PSIxIiB4bWxucz0iaHR0cDovL3d3dy53My5vcmcvMjAwMC9zdmciPjwvc3ZnPg==\" style=\"--smush-placeholder-width: 535px; --smush-placeholder-aspect-ratio: 535\/379;\" \/>\t\t\t\t\t\t\t\t\t\t\t\t\t\t\t<\/div>\n\t\t\t\t<\/div>\n\t\t\t\t\t<\/div>\n\t\t<\/div>\n\t\t\t\t\t<\/div>\n\t\t<\/section>\n\t\t\t\t<section class=\"elementor-section elementor-top-section elementor-element elementor-element-6f1ee6f8 elementor-section-content-middle elementor-hidden-desktop elementor-hidden-tablet elementor-hidden-mobile elementor-section-boxed elementor-section-height-default elementor-section-height-default\" data-id=\"6f1ee6f8\" data-element_type=\"section\">\n\t\t\t\t\t\t<div class=\"elementor-container elementor-column-gap-default\">\n\t\t\t\t\t<div class=\"elementor-column elementor-col-50 elementor-top-column elementor-element elementor-element-5ec9bbe2\" data-id=\"5ec9bbe2\" data-element_type=\"column\" data-settings=\"{&quot;background_background&quot;:&quot;classic&quot;}\">\n\t\t\t<div class=\"elementor-widget-wrap elementor-element-populated\">\n\t\t\t\t\t\t<div class=\"elementor-element elementor-element-7314c5a elementor-invisible elementor-widget elementor-widget-image\" data-id=\"7314c5a\" data-element_type=\"widget\" data-settings=\"{&quot;_animation&quot;:&quot;rotateIn&quot;}\" data-widget_type=\"image.default\">\n\t\t\t\t<div class=\"elementor-widget-container\">\n\t\t\t\t\t\t\t\t\t\t\t\t\t\t\t<img decoding=\"async\" width=\"468\" height=\"378\" data-src=\"https:\/\/cheestrings.net\/de\/wp-content\/uploads\/sites\/3\/2020\/08\/how-its-made-img_2.png\" class=\"attachment-full size-full wp-image-203 lazyload\" alt=\"\" data-srcset=\"https:\/\/cheestrings.net\/de\/wp-content\/uploads\/sites\/3\/2020\/08\/how-its-made-img_2.png 468w, https:\/\/cheestrings.net\/de\/wp-content\/uploads\/sites\/3\/2020\/08\/how-its-made-img_2-300x242.png 300w\" data-sizes=\"(max-width: 468px) 100vw, 468px\" src=\"data:image\/svg+xml;base64,PHN2ZyB3aWR0aD0iMSIgaGVpZ2h0PSIxIiB4bWxucz0iaHR0cDovL3d3dy53My5vcmcvMjAwMC9zdmciPjwvc3ZnPg==\" style=\"--smush-placeholder-width: 468px; --smush-placeholder-aspect-ratio: 468\/378;\" \/>\t\t\t\t\t\t\t\t\t\t\t\t\t\t\t<\/div>\n\t\t\t\t<\/div>\n\t\t\t\t\t<\/div>\n\t\t<\/div>\n\t\t\t\t<div class=\"elementor-column elementor-col-50 elementor-top-column elementor-element elementor-element-300caf2b\" data-id=\"300caf2b\" data-element_type=\"column\">\n\t\t\t<div class=\"elementor-widget-wrap elementor-element-populated\">\n\t\t\t\t\t\t<div class=\"elementor-element elementor-element-39f750ab elementor-widget elementor-widget-heading\" data-id=\"39f750ab\" data-element_type=\"widget\" data-widget_type=\"heading.default\">\n\t\t\t\t<div class=\"elementor-widget-container\">\n\t\t\t\t\t<h2 class=\"elementor-heading-title elementor-size-default\">Alle H\u00e4nde sind bereit! <\/h2>\t\t\t\t<\/div>\n\t\t\t\t<\/div>\n\t\t\t\t<div class=\"elementor-element elementor-element-3b741981 elementor-widget elementor-widget-text-editor\" data-id=\"3b741981\" data-element_type=\"widget\" data-widget_type=\"text-editor.default\">\n\t\t\t\t<div class=\"elementor-widget-container\">\n\t\t\t\t\t\t\t\t\t<p>Cheestrings wird wie Mozzarella sanft erhitzt und gedehnt. Das gibt Cheestrings die F\u00e4higkeit der Fadenbildung, was Kindern viel Spa\u00df bereitet.<\/p><p>Nach dem Zurechtschneiden und Verpacken machen sich unsere Cheestrings auf den Weg zu unseren \u00a0Handelspartnern (unsere Superhelden Helfer!) in den L\u00e4ndern und dann in die Pausenbrotbox.<\/p>\t\t\t\t\t\t\t\t<\/div>\n\t\t\t\t<\/div>\n\t\t\t\t\t<\/div>\n\t\t<\/div>\n\t\t\t\t\t<\/div>\n\t\t<\/section>\n\t\t\t\t<\/div>\n\t\t","protected":false},"excerpt":{"rendered":"<p>Wie wir Cheestrings herstellen Wie kann es sein, dass sich K\u00e4se in F\u00e4den abziehen l\u00e4sst? Ehrlich gesagt ist es ganz einfach: Die Milch von gl\u00fccklichen K\u00fchen wird zu frischem K\u00e4se verarbeitet. Durch\u2018s Erhitzen &#038; Ziehen erh\u00e4lt der K\u00e4se eine ganz neue Struktur. Bevor er zurechtgeschnitten in die H\u00e4nde von gl\u00fccklichen Kindern gelangt. Mit gro\u00dfer St\u00e4rke [&hellip;]<\/p>\n","protected":false},"author":2,"featured_media":0,"parent":114,"menu_order":0,"comment_status":"closed","ping_status":"closed","template":"","meta":{"footnotes":""},"class_list":["post-115","page","type-page","status-publish","hentry"],"_links":{"self":[{"href":"https:\/\/cheestrings.net\/de\/wp-json\/wp\/v2\/pages\/115","targetHints":{"allow":["GET"]}}],"collection":[{"href":"https:\/\/cheestrings.net\/de\/wp-json\/wp\/v2\/pages"}],"about":[{"href":"https:\/\/cheestrings.net\/de\/wp-json\/wp\/v2\/types\/page"}],"author":[{"embeddable":true,"href":"https:\/\/cheestrings.net\/de\/wp-json\/wp\/v2\/users\/2"}],"replies":[{"embeddable":true,"href":"https:\/\/cheestrings.net\/de\/wp-json\/wp\/v2\/comments?post=115"}],"version-history":[{"count":0,"href":"https:\/\/cheestrings.net\/de\/wp-json\/wp\/v2\/pages\/115\/revisions"}],"up":[{"embeddable":true,"href":"https:\/\/cheestrings.net\/de\/wp-json\/wp\/v2\/pages\/114"}],"wp:attachment":[{"href":"https:\/\/cheestrings.net\/de\/wp-json\/wp\/v2\/media?parent=115"}],"curies":[{"name":"wp","href":"https:\/\/api.w.org\/{rel}","templated":true}]}}