{"id":116,"date":"2020-08-12T10:32:45","date_gmt":"2020-08-12T09:32:45","guid":{"rendered":"http:\/\/cheestrings.net\/de\/?page_id=116"},"modified":"2025-08-08T09:50:08","modified_gmt":"2025-08-08T08:50:08","slug":"herkunft","status":"publish","type":"page","link":"https:\/\/cheestrings.net\/de\/uber-uns\/herkunft\/","title":{"rendered":"Herkunft"},"content":{"rendered":"\t\t<div data-elementor-type=\"wp-page\" data-elementor-id=\"116\" class=\"elementor elementor-116\" data-elementor-post-type=\"page\">\n\t\t\t\t\t\t<section class=\"elementor-section elementor-top-section elementor-element elementor-element-c728cf9 elementor-section-height-min-height elementor-section-items-bottom elementor-hidden-phone elementor-section-boxed elementor-section-height-default\" data-id=\"c728cf9\" data-element_type=\"section\" data-settings=\"{&quot;background_background&quot;:&quot;classic&quot;}\">\n\t\t\t\t\t\t<div class=\"elementor-container elementor-column-gap-default\">\n\t\t\t\t\t<div class=\"elementor-column elementor-col-50 elementor-top-column elementor-element elementor-element-1eba8ab8\" data-id=\"1eba8ab8\" data-element_type=\"column\">\n\t\t\t<div class=\"elementor-widget-wrap elementor-element-populated\">\n\t\t\t\t\t\t<div class=\"elementor-element elementor-element-19669dc7 elementor-widget-mobile__width-initial elementor-absolute elementor-invisible elementor-widget elementor-widget-image\" data-id=\"19669dc7\" data-element_type=\"widget\" data-settings=\"{&quot;_position&quot;:&quot;absolute&quot;,&quot;_animation&quot;:&quot;bounceInLeft&quot;}\" data-widget_type=\"image.default\">\n\t\t\t\t<div class=\"elementor-widget-container\">\n\t\t\t\t\t\t\t\t\t\t\t\t\t\t\t<img fetchpriority=\"high\" decoding=\"async\" width=\"650\" height=\"1000\" src=\"https:\/\/cheestrings.net\/de\/wp-content\/uploads\/sites\/3\/2020\/08\/origins_hero_character.png\" class=\"attachment-large size-large wp-image-196\" alt=\"\" srcset=\"https:\/\/cheestrings.net\/de\/wp-content\/uploads\/sites\/3\/2020\/08\/origins_hero_character.png 650w, https:\/\/cheestrings.net\/de\/wp-content\/uploads\/sites\/3\/2020\/08\/origins_hero_character-195x300.png 195w\" sizes=\"(max-width: 650px) 100vw, 650px\" \/>\t\t\t\t\t\t\t\t\t\t\t\t\t\t\t<\/div>\n\t\t\t\t<\/div>\n\t\t\t\t\t<\/div>\n\t\t<\/div>\n\t\t\t\t<div class=\"elementor-column elementor-col-50 elementor-top-column elementor-element elementor-element-53641f55\" data-id=\"53641f55\" data-element_type=\"column\">\n\t\t\t<div class=\"elementor-widget-wrap elementor-element-populated\">\n\t\t\t\t\t\t<div class=\"elementor-element elementor-element-36d8d116 elementor-invisible elementor-widget elementor-widget-heading\" data-id=\"36d8d116\" data-element_type=\"widget\" data-settings=\"{&quot;_animation&quot;:&quot;bounceInRight&quot;}\" data-widget_type=\"heading.default\">\n\t\t\t\t<div class=\"elementor-widget-container\">\n\t\t\t\t\t<h1 class=\"elementor-heading-title elementor-size-default\">Herkunft<\/h1>\t\t\t\t<\/div>\n\t\t\t\t<\/div>\n\t\t\t\t\t<\/div>\n\t\t<\/div>\n\t\t\t\t\t<\/div>\n\t\t<\/section>\n\t\t\t\t<section class=\"elementor-section elementor-top-section elementor-element elementor-element-2a2b20ab elementor-reverse-mobile elementor-section-content-middle elementor-section-boxed elementor-section-height-default elementor-section-height-default\" data-id=\"2a2b20ab\" data-element_type=\"section\">\n\t\t\t\t\t\t<div class=\"elementor-container elementor-column-gap-default\">\n\t\t\t\t\t<div class=\"elementor-column elementor-col-50 elementor-top-column elementor-element elementor-element-636c8e1\" data-id=\"636c8e1\" data-element_type=\"column\">\n\t\t\t<div class=\"elementor-widget-wrap elementor-element-populated\">\n\t\t\t\t\t\t<div class=\"elementor-element elementor-element-44597fc4 elementor-widget elementor-widget-heading\" data-id=\"44597fc4\" data-element_type=\"widget\" data-widget_type=\"heading.default\">\n\t\t\t\t<div class=\"elementor-widget-container\">\n\t\t\t\t\t<h2 class=\"elementor-heading-title elementor-size-default\">F\u00fcr eine gesunde Pausenbox <\/h2>\t\t\t\t<\/div>\n\t\t\t\t<\/div>\n\t\t\t\t<div class=\"elementor-element elementor-element-21d4ebca elementor-widget elementor-widget-text-editor\" data-id=\"21d4ebca\" data-element_type=\"widget\" data-widget_type=\"text-editor.default\">\n\t\t\t\t<div class=\"elementor-widget-container\">\n\t\t\t\t\t\t\t\t\t<p>Das Snack-Konzept von Cheestrings f\u00fcr die Pausbox erschien erstmals 1996 in Irland. Mit Erfolg, denn im Laufe der Jahre kamen weitere M\u00e4rkte hinzu:<\/p><p>Zum Beispiel Gro\u00dfbritannien, die Niederlande und Belgien. Auch in Frankreich gibt es Cheestrings, dort hei\u00dfen Cheestrings Ficello. Seit 2011 gibt es Cheestrings auch in Deutschland.<\/p>\t\t\t\t\t\t\t\t<\/div>\n\t\t\t\t<\/div>\n\t\t\t\t\t<\/div>\n\t\t<\/div>\n\t\t\t\t<div class=\"elementor-column elementor-col-50 elementor-top-column elementor-element elementor-element-65fb2824\" data-id=\"65fb2824\" data-element_type=\"column\" data-settings=\"{&quot;background_background&quot;:&quot;classic&quot;}\">\n\t\t\t<div class=\"elementor-widget-wrap elementor-element-populated\">\n\t\t\t\t\t\t<div class=\"elementor-element elementor-element-a6e96e1 elementor-widget elementor-widget-image\" data-id=\"a6e96e1\" data-element_type=\"widget\" data-settings=\"{&quot;motion_fx_motion_fx_scrolling&quot;:&quot;yes&quot;,&quot;motion_fx_opacity_effect&quot;:&quot;yes&quot;,&quot;motion_fx_opacity_range&quot;:{&quot;unit&quot;:&quot;%&quot;,&quot;size&quot;:&quot;&quot;,&quot;sizes&quot;:{&quot;start&quot;:21,&quot;end&quot;:54}},&quot;motion_fx_opacity_direction&quot;:&quot;out-in&quot;,&quot;motion_fx_opacity_level&quot;:{&quot;unit&quot;:&quot;px&quot;,&quot;size&quot;:10,&quot;sizes&quot;:[]},&quot;motion_fx_devices&quot;:[&quot;desktop&quot;,&quot;tablet&quot;,&quot;mobile&quot;]}\" data-widget_type=\"image.default\">\n\t\t\t\t<div class=\"elementor-widget-container\">\n\t\t\t\t\t\t\t\t\t\t\t\t\t\t\t<img decoding=\"async\" width=\"857\" height=\"643\" data-src=\"https:\/\/cheestrings.net\/de\/wp-content\/uploads\/sites\/3\/2020\/08\/map-origins.png\" class=\"attachment-full size-full wp-image-198 lazyload\" alt=\"\" data-srcset=\"https:\/\/cheestrings.net\/de\/wp-content\/uploads\/sites\/3\/2020\/08\/map-origins.png 857w, https:\/\/cheestrings.net\/de\/wp-content\/uploads\/sites\/3\/2020\/08\/map-origins-300x225.png 300w, https:\/\/cheestrings.net\/de\/wp-content\/uploads\/sites\/3\/2020\/08\/map-origins-768x576.png 768w\" data-sizes=\"(max-width: 857px) 100vw, 857px\" src=\"data:image\/svg+xml;base64,PHN2ZyB3aWR0aD0iMSIgaGVpZ2h0PSIxIiB4bWxucz0iaHR0cDovL3d3dy53My5vcmcvMjAwMC9zdmciPjwvc3ZnPg==\" style=\"--smush-placeholder-width: 857px; --smush-placeholder-aspect-ratio: 857\/643;\" \/>\t\t\t\t\t\t\t\t\t\t\t\t\t\t\t<\/div>\n\t\t\t\t<\/div>\n\t\t\t\t\t<\/div>\n\t\t<\/div>\n\t\t\t\t\t<\/div>\n\t\t<\/section>\n\t\t\t\t<section class=\"elementor-section elementor-top-section elementor-element elementor-element-612e5e17 elementor-section-content-middle elementor-section-boxed elementor-section-height-default elementor-section-height-default\" data-id=\"612e5e17\" data-element_type=\"section\">\n\t\t\t\t\t\t<div class=\"elementor-container elementor-column-gap-default\">\n\t\t\t\t\t<div class=\"elementor-column elementor-col-50 elementor-top-column elementor-element elementor-element-3d6731d5\" data-id=\"3d6731d5\" data-element_type=\"column\" data-settings=\"{&quot;background_background&quot;:&quot;classic&quot;}\">\n\t\t\t<div class=\"elementor-widget-wrap elementor-element-populated\">\n\t\t\t\t\t\t<div class=\"elementor-element elementor-element-2cc9abc animated-slow elementor-invisible elementor-widget elementor-widget-image\" data-id=\"2cc9abc\" data-element_type=\"widget\" data-settings=\"{&quot;_animation&quot;:&quot;bounceIn&quot;}\" data-widget_type=\"image.default\">\n\t\t\t\t<div class=\"elementor-widget-container\">\n\t\t\t\t\t\t\t\t\t\t\t\t\t\t\t<img decoding=\"async\" width=\"650\" height=\"465\" data-src=\"https:\/\/cheestrings.net\/de\/wp-content\/uploads\/sites\/3\/2020\/08\/homepage_tab_2_large-1.png\" class=\"attachment-full size-full wp-image-199 lazyload\" alt=\"\" data-srcset=\"https:\/\/cheestrings.net\/de\/wp-content\/uploads\/sites\/3\/2020\/08\/homepage_tab_2_large-1.png 650w, https:\/\/cheestrings.net\/de\/wp-content\/uploads\/sites\/3\/2020\/08\/homepage_tab_2_large-1-300x215.png 300w\" data-sizes=\"(max-width: 650px) 100vw, 650px\" src=\"data:image\/svg+xml;base64,PHN2ZyB3aWR0aD0iMSIgaGVpZ2h0PSIxIiB4bWxucz0iaHR0cDovL3d3dy53My5vcmcvMjAwMC9zdmciPjwvc3ZnPg==\" style=\"--smush-placeholder-width: 650px; --smush-placeholder-aspect-ratio: 650\/465;\" \/>\t\t\t\t\t\t\t\t\t\t\t\t\t\t\t<\/div>\n\t\t\t\t<\/div>\n\t\t\t\t\t<\/div>\n\t\t<\/div>\n\t\t\t\t<div class=\"elementor-column elementor-col-50 elementor-top-column elementor-element elementor-element-7c568caf\" data-id=\"7c568caf\" data-element_type=\"column\">\n\t\t\t<div class=\"elementor-widget-wrap elementor-element-populated\">\n\t\t\t\t\t\t<div class=\"elementor-element elementor-element-3b95632c elementor-widget elementor-widget-heading\" data-id=\"3b95632c\" data-element_type=\"widget\" data-widget_type=\"heading.default\">\n\t\t\t\t<div class=\"elementor-widget-container\">\n\t\t\t\t\t<h2 class=\"elementor-heading-title elementor-size-default\">Cheestrings: Die besondere  Zwischenmahlzeit<\/h2>\t\t\t\t<\/div>\n\t\t\t\t<\/div>\n\t\t\t\t<div class=\"elementor-element elementor-element-47400b78 elementor-widget elementor-widget-text-editor\" data-id=\"47400b78\" data-element_type=\"widget\" data-widget_type=\"text-editor.default\">\n\t\t\t\t<div class=\"elementor-widget-container\">\n\t\t\t\t\t\t\t\t\t<p>Cheestrings enthalten etwa ein Glas Milch, was ungef\u00e4hr <strong>\u2155<\/strong> des t\u00e4glichen Calciumbedarfs eines Kindes abdeckt. Calcium ist ein wichtiger Baustein f\u00fcr starke Knochen.<\/p><p>Bei der Herstellung von Cheestrings verzichten wir auf Aromen, Konservierungsmittel oder k\u00fcnstliche Farbstoffe.<\/p>\t\t\t\t\t\t\t\t<\/div>\n\t\t\t\t<\/div>\n\t\t\t\t\t<\/div>\n\t\t<\/div>\n\t\t\t\t\t<\/div>\n\t\t<\/section>\n\t\t\t\t<\/div>\n\t\t","protected":false},"excerpt":{"rendered":"<p>Herkunft F\u00fcr eine gesunde Pausenbox Das Snack-Konzept von Cheestrings f\u00fcr die Pausbox erschien erstmals 1996 in Irland. Mit Erfolg, denn im Laufe der Jahre kamen weitere M\u00e4rkte hinzu: Zum Beispiel Gro\u00dfbritannien, die Niederlande und Belgien. Auch in Frankreich gibt es Cheestrings, dort hei\u00dfen Cheestrings Ficello. Seit 2011 gibt es Cheestrings auch in Deutschland. Cheestrings: Die [&hellip;]<\/p>\n","protected":false},"author":2,"featured_media":0,"parent":114,"menu_order":0,"comment_status":"closed","ping_status":"closed","template":"","meta":{"footnotes":""},"class_list":["post-116","page","type-page","status-publish","hentry"],"_links":{"self":[{"href":"https:\/\/cheestrings.net\/de\/wp-json\/wp\/v2\/pages\/116","targetHints":{"allow":["GET"]}}],"collection":[{"href":"https:\/\/cheestrings.net\/de\/wp-json\/wp\/v2\/pages"}],"about":[{"href":"https:\/\/cheestrings.net\/de\/wp-json\/wp\/v2\/types\/page"}],"author":[{"embeddable":true,"href":"https:\/\/cheestrings.net\/de\/wp-json\/wp\/v2\/users\/2"}],"replies":[{"embeddable":true,"href":"https:\/\/cheestrings.net\/de\/wp-json\/wp\/v2\/comments?post=116"}],"version-history":[{"count":9,"href":"https:\/\/cheestrings.net\/de\/wp-json\/wp\/v2\/pages\/116\/revisions"}],"predecessor-version":[{"id":549,"href":"https:\/\/cheestrings.net\/de\/wp-json\/wp\/v2\/pages\/116\/revisions\/549"}],"up":[{"embeddable":true,"href":"https:\/\/cheestrings.net\/de\/wp-json\/wp\/v2\/pages\/114"}],"wp:attachment":[{"href":"https:\/\/cheestrings.net\/de\/wp-json\/wp\/v2\/media?parent=116"}],"curies":[{"name":"wp","href":"https:\/\/api.w.org\/{rel}","templated":true}]}}