{"id":269,"date":"2025-02-18T09:24:29","date_gmt":"2025-02-18T09:24:29","guid":{"rendered":"https:\/\/cheestrings.net\/de\/?page_id=269"},"modified":"2025-02-20T13:35:07","modified_gmt":"2025-02-20T13:35:07","slug":"cheestrings-battle-spielregeln","status":"publish","type":"page","link":"https:\/\/cheestrings.net\/de\/cheestrings-battle-spielregeln\/","title":{"rendered":"Cheestrings Battle Spelregels"},"content":{"rendered":"\t\t<div data-elementor-type=\"wp-page\" data-elementor-id=\"269\" class=\"elementor elementor-269\" data-elementor-post-type=\"page\">\n\t\t\t\t\t\t<section class=\"elementor-section elementor-top-section elementor-element elementor-element-260a859f elementor-section-height-min-height elementor-section-items-bottom elementor-hidden-phone elementor-section-boxed elementor-section-height-default\" data-id=\"260a859f\" data-element_type=\"section\" data-settings=\"{&quot;background_background&quot;:&quot;classic&quot;}\">\n\t\t\t\t\t\t<div class=\"elementor-container elementor-column-gap-default\">\n\t\t\t\t\t<div class=\"elementor-column elementor-col-100 elementor-top-column elementor-element elementor-element-736e83f7\" data-id=\"736e83f7\" data-element_type=\"column\">\n\t\t\t<div class=\"elementor-widget-wrap elementor-element-populated\">\n\t\t\t\t\t\t<div class=\"elementor-element elementor-element-34ce72ad elementor-invisible elementor-widget elementor-widget-heading\" data-id=\"34ce72ad\" data-element_type=\"widget\" data-settings=\"{&quot;_animation&quot;:&quot;bounceInRight&quot;}\" data-widget_type=\"heading.default\">\n\t\t\t\t<div class=\"elementor-widget-container\">\n\t\t\t\t\t<h2 class=\"elementor-heading-title elementor-size-default\">Cheestrings Battle Spielregeln<\/h2>\t\t\t\t<\/div>\n\t\t\t\t<\/div>\n\t\t\t\t\t<\/div>\n\t\t<\/div>\n\t\t\t\t\t<\/div>\n\t\t<\/section>\n\t\t\t\t<section class=\"elementor-section elementor-top-section elementor-element elementor-element-19df701b elementor-section-boxed elementor-section-height-default elementor-section-height-default\" data-id=\"19df701b\" data-element_type=\"section\">\n\t\t\t\t\t\t<div class=\"elementor-container elementor-column-gap-default\">\n\t\t\t\t\t<div class=\"elementor-column elementor-col-66 elementor-top-column elementor-element elementor-element-5785c759\" data-id=\"5785c759\" data-element_type=\"column\">\n\t\t\t<div class=\"elementor-widget-wrap elementor-element-populated\">\n\t\t\t\t\t\t<div class=\"elementor-element elementor-element-858bcc3 elementor-widget elementor-widget-text-editor\" data-id=\"858bcc3\" data-element_type=\"widget\" data-widget_type=\"text-editor.default\">\n\t\t\t\t<div class=\"elementor-widget-container\">\n\t\t\t\t\t\t\t\t\t<p><strong style=\"color: var( --e-global-color-24fa9bfc ); font-family: var( --e-global-typography-text-font-family ), Sans-serif; font-size: 1rem;\">Was du brauchst:<\/strong><span style=\"color: var( --e-global-color-24fa9bfc ); font-family: var( --e-global-typography-text-font-family ), Sans-serif; font-weight: var( --e-global-typography-text-font-weight ); font-size: 1rem;\">\u00a0Eine Packung Cheestrings! Jeder Cheestring hat einen lustigen Cheestrings-Charakter und dessen speziellen Kr\u00e4fte aufgedruckt.<\/span><\/p><p><strong>Ziel des Spiels:<\/strong>\u00a0Fordere deine Freunde heraus, indem du die Kr\u00e4fte auf deinen Cheestrings nutzt. Der Spieler, der am Ende des Spiels die meisten Punkte hat, ist Cheestrings-Champion!<\/p><p><strong>Spielanleitung:<\/strong><\/p><ol><li><strong>Bereite dich auf das Spiel vor:<\/strong><\/li><\/ol><ol><li style=\"list-style-type: none;\"><ul><li>Jeder Spieler nimmt die gleiche Anzahl von Cheestrings aus der Packung (z.B. 4 oder 8 St\u00fcck).<\/li><li>Stelle sicher, dass alle ihre Sticks verdeckt halten, sodass die Kr\u00e4fte und Zahlen verborgen sind.<\/li><\/ul><\/li><\/ol><ol start=\"2\"><li><strong>Beginne mit dem Spiel:<\/strong><\/li><\/ol><ol><li style=\"list-style-type: none;\"><ul><li>Die Spieler nehmen den obersten Cheestring von ihrem Stapel, schauen aber noch nicht auf die Kr\u00e4fte!<\/li><li>Der j\u00fcngste Spieler beginnt und w\u00e4hlt, mit welcher Kraft gek\u00e4mpft wird:<ul><li>Smiley-Gesicht = Spa\u00dfkraft<\/li><li>Smiley-Teufelsgesicht = Unfugkraft<\/li><li>Armbeuge = St\u00e4rke<\/li><li>Siegeszeichen = Coolness<\/li><\/ul><\/li><\/ul><\/li><\/ol><ol start=\"3\"><li><strong>Enth\u00fclle die Kr\u00e4fte:<\/strong><\/li><\/ol><ol><li style=\"list-style-type: none;\"><ul><li>Alle Spieler drehen ihren gew\u00e4hlten Cheestring um und schauen auf die Zahl f\u00fcr die ausgew\u00e4hlte Kraft.<\/li><li>Der Spieler mit der h\u00f6chsten Zahl gewinnt die Runde.<\/li><\/ul><\/li><\/ol><ol start=\"4\"><li><strong>Punktewertung:<\/strong><\/li><\/ol><ol><li style=\"list-style-type: none;\"><ul><li>Der Gewinner jeder Runde erh\u00e4lt 1 Punkt.<\/li><li>Bei einem Gleichstand erhalten alle Spieler mit der h\u00f6chsten Zahl jeweils 1 Punkt.<\/li><\/ul><\/li><\/ol><ol start=\"5\"><li><strong>Was passiert als n\u00e4chstes:<\/strong><\/li><\/ol><ol><li style=\"list-style-type: none;\"><ul><li>Die Spieler legen ihre bereits eingesetzten Cheestrings beiseite (oder essen sie) und bereiten sich auf die n\u00e4chste Runde vor.<\/li><li>Der Gewinner der letzten Runde w\u00e4hlt die n\u00e4chste Kraft f\u00fcr die n\u00e4chste Runde aus.<\/li><\/ul><\/li><\/ol><ol start=\"6\"><li><strong>Weiterspielen:<\/strong><\/li><\/ol><ol><li style=\"list-style-type: none;\"><ul><li>Man kann das Spiel spielen, bis alle Cheestrings eingesetzt wurden.<\/li><\/ul><\/li><\/ol><p><strong>Wie man gewinnt:<\/strong>\u00a0Am Ende des Spiels z\u00e4hlt jeder seine Punkte. Der Spieler mit den meisten Punkten wird zum Cheestrings-Champion gekr\u00f6nt!<\/p><p><strong>Bonusrunden:<\/strong><\/p><ul><li><strong>Extra-Runde:<\/strong>\u00a0F\u00fcge eine Bonusrunde hinzu, in der alle mit allen vier Kr\u00e4ften gleichzeitig k\u00e4mpfen (addiere alle Zahlen auf einem Cheestring).<\/li><li><strong>K\u00e4sestreifen-Challenge:<\/strong>\u00a0Nach einem Battle kann man versuchen, seinen Cheestring in so viele, kleine K\u00e4sestreifen wie m\u00f6glich abzuziehen. Wer seinen Cheestring in die meisten Str\u00e4nge abziehen kann, gewinnt dieses Mini-Spiel.<\/li><\/ul><p>Viel Spa\u00df!<\/p>\t\t\t\t\t\t\t\t<\/div>\n\t\t\t\t<\/div>\n\t\t\t\t\t<\/div>\n\t\t<\/div>\n\t\t\t\t<div class=\"elementor-column elementor-col-33 elementor-top-column elementor-element elementor-element-7aad57c8\" data-id=\"7aad57c8\" data-element_type=\"column\" data-settings=\"{&quot;background_background&quot;:&quot;classic&quot;}\">\n\t\t\t<div class=\"elementor-widget-wrap elementor-element-populated\">\n\t\t\t\t\t\t<section class=\"elementor-section elementor-inner-section elementor-element elementor-element-8dcda9c elementor-section-boxed elementor-section-height-default elementor-section-height-default\" data-id=\"8dcda9c\" data-element_type=\"section\" data-settings=\"{&quot;background_background&quot;:&quot;classic&quot;}\">\n\t\t\t\t\t\t<div class=\"elementor-container elementor-column-gap-default\">\n\t\t\t\t\t<div class=\"elementor-column elementor-col-100 elementor-inner-column elementor-element elementor-element-7cc809b\" data-id=\"7cc809b\" data-element_type=\"column\">\n\t\t\t<div class=\"elementor-widget-wrap elementor-element-populated\">\n\t\t\t\t\t\t<div class=\"elementor-element elementor-element-1dea59d elementor-widget elementor-widget-heading\" data-id=\"1dea59d\" data-element_type=\"widget\" data-widget_type=\"heading.default\">\n\t\t\t\t<div class=\"elementor-widget-container\">\n\t\t\t\t\t<h5 class=\"elementor-heading-title elementor-size-default\">Translate Language<\/h5>\t\t\t\t<\/div>\n\t\t\t\t<\/div>\n\t\t\t\t<div class=\"elementor-element elementor-element-37a9eea elementor-widget elementor-widget-wp-widget-glt_widget\" data-id=\"37a9eea\" data-element_type=\"widget\" data-widget_type=\"wp-widget-glt_widget.default\">\n\t\t\t\t<div class=\"elementor-widget-container\">\n\t\t\t\t\t<div id=\"flags\" class=\"size18\"><ul id=\"sortable\" class=\"ui-sortable\" style=\"float:left\"><li id='Dutch'><a href='#' title='Dutch' class='nturl notranslate nl flag Dutch'><\/a><\/li><li id='English'><a href='#' title='English' class='nturl notranslate en flag united-states'><\/a><\/li><li id='French'><a href='#' title='French' class='nturl notranslate fr flag French'><\/a><\/li><li id='German'><a href='#' title='German' class='nturl notranslate de flag German'><\/a><\/li><li id='Italian'><a href='#' title='Italian' class='nturl notranslate it flag Italian'><\/a><\/li><li id='Portuguese'><a href='#' title='Portuguese' class='nturl notranslate pt flag Portuguese'><\/a><\/li><li id='Spanish'><a href='#' title='Spanish' class='nturl notranslate es flag Spanish'><\/a><\/li><\/ul><\/div><div id=\"google_language_translator\" class=\"default-language-en\"><\/div>\t\t\t\t<\/div>\n\t\t\t\t<\/div>\n\t\t\t\t<div class=\"elementor-element elementor-element-731350d elementor-widget elementor-widget-text-editor\" data-id=\"731350d\" data-element_type=\"widget\" data-widget_type=\"text-editor.default\">\n\t\t\t\t<div class=\"elementor-widget-container\">\n\t\t\t\t\t\t\t\t\t<h5>Quick Links<\/h5><p><a href=\"http:\/\/cheestrings.net\/de\/allgemeine-geschaftsbedingungen\/\">Terms &amp; Conditions<\/a><\/p><p><a href=\"http:\/\/cheestrings.net\/de\/datenschutzbestimmungen\/\">Privacy Policy<\/a><br \/><br \/><a href=\"http:\/\/cheestrings.net\/de\/cookie-richtlinien\/\">Cookie Policy<\/a><\/p>\t\t\t\t\t\t\t\t<\/div>\n\t\t\t\t<\/div>\n\t\t\t\t\t<\/div>\n\t\t<\/div>\n\t\t\t\t\t<\/div>\n\t\t<\/section>\n\t\t\t\t\t<\/div>\n\t\t<\/div>\n\t\t\t\t\t<\/div>\n\t\t<\/section>\n\t\t\t\t<\/div>\n\t\t","protected":false},"excerpt":{"rendered":"<p>Cheestrings Battle Spielregeln Was du brauchst:\u00a0Eine Packung Cheestrings! Jeder Cheestring hat einen lustigen Cheestrings-Charakter und dessen speziellen Kr\u00e4fte aufgedruckt. Ziel des Spiels:\u00a0Fordere deine Freunde heraus, indem du die Kr\u00e4fte auf deinen Cheestrings nutzt. Der Spieler, der am Ende des Spiels die meisten Punkte hat, ist Cheestrings-Champion! Spielanleitung: Bereite dich auf das Spiel vor: Jeder Spieler [&hellip;]<\/p>\n","protected":false},"author":2,"featured_media":0,"parent":0,"menu_order":0,"comment_status":"closed","ping_status":"closed","template":"","meta":{"footnotes":""},"class_list":["post-269","page","type-page","status-publish","hentry"],"_links":{"self":[{"href":"https:\/\/cheestrings.net\/de\/wp-json\/wp\/v2\/pages\/269","targetHints":{"allow":["GET"]}}],"collection":[{"href":"https:\/\/cheestrings.net\/de\/wp-json\/wp\/v2\/pages"}],"about":[{"href":"https:\/\/cheestrings.net\/de\/wp-json\/wp\/v2\/types\/page"}],"author":[{"embeddable":true,"href":"https:\/\/cheestrings.net\/de\/wp-json\/wp\/v2\/users\/2"}],"replies":[{"embeddable":true,"href":"https:\/\/cheestrings.net\/de\/wp-json\/wp\/v2\/comments?post=269"}],"version-history":[{"count":11,"href":"https:\/\/cheestrings.net\/de\/wp-json\/wp\/v2\/pages\/269\/revisions"}],"predecessor-version":[{"id":506,"href":"https:\/\/cheestrings.net\/de\/wp-json\/wp\/v2\/pages\/269\/revisions\/506"}],"wp:attachment":[{"href":"https:\/\/cheestrings.net\/de\/wp-json\/wp\/v2\/media?parent=269"}],"curies":[{"name":"wp","href":"https:\/\/api.w.org\/{rel}","templated":true}]}}